{"id":45857,"date":"2024-12-18T10:27:14","date_gmt":"2024-12-18T09:27:14","guid":{"rendered":"https:\/\/sundar.be\/product\/dissolvant-de-vernis-a-ongles-sans-acetone\/"},"modified":"2025-12-16T09:55:08","modified_gmt":"2025-12-16T08:55:08","slug":"dissolvant-de-vernis-a-ongles-sans-acetone","status":"publish","type":"product","link":"https:\/\/sundar.be\/fr\/produit\/dissolvant-de-vernis-a-ongles-sans-acetone\/","title":{"rendered":"Dissolvant de vernis \u00e0 ongles sans ac\u00e9tone"},"content":{"rendered":"<div class=\"single-product-overview-details__product-tab-text single-product-overview-details__product-tab-text--is-active\" data-tab=\"description\">\n<div class=\"single-product-overview-details__product-tab-text-description\">\n<p data-start=\"68\" data-end=\"336\">Le <span style=\"color: #557e96;\"><strong>dissolvant de vernis \u00e0 ongles sans ac\u00e9tone<\/strong><\/span> est un dissolvant doux mais efficace pour retirer le vernis en toute s\u00e9curit\u00e9, sans dess\u00e9cher les ongles ni les cuticules. Gr\u00e2ce \u00e0 sa formule sans ac\u00e9tone, ce dissolvant est plus respectueux des ongles et de la peau et convient parfaitement \u00e0 un usage r\u00e9gulier. <\/p>\n<p data-start=\"338\" data-end=\"548\">Il \u00e9limine efficacement le vernis tout en aidant \u00e0 pr\u00e9server l\u2019hydratation naturelle des ongles. Convient aussi bien \u00e0 un usage professionnel dans les instituts de manucure et de beaut\u00e9 qu\u2019\u00e0 un usage \u00e0 domicile. <\/p>\n<\/div>\n<\/div>\n","protected":false},"excerpt":{"rendered":"<p data-start=\"583\" data-end=\"741\">Un dissolvant pour vernis \u00e0 ongles sans ac\u00e9tone qui \u00e9limine efficacement le vernis sans dess\u00e9cher les ongles et les cuticules. Id\u00e9al pour un usage r\u00e9gulier et professionnel. <\/p>\n","protected":false},"featured_media":45856,"comment_status":"open","ping_status":"closed","template":"","meta":{"_acf_changed":false},"product_brand":[],"product_cat":[5016,5008,4972,4761,5073],"product_tag":[],"class_list":{"0":"post-45857","1":"product","2":"type-product","3":"status-publish","4":"has-post-thumbnail","6":"product_cat-manucure-accessoires-liquides","7":"product_cat-manucure-materiel-manucure","8":"product_cat-nos-marques","9":"product_cat-pose-ongles","10":"product_cat-reymerink-fr","11":"pa_inhoud-100-ml-fr","12":"pa_inhoud-1000-ml-fr","14":"first","15":"instock","16":"taxable","17":"shipping-taxable","18":"product-type-variable"},"acf":[],"_links":{"self":[{"href":"https:\/\/sundar.be\/fr\/wp-json\/wp\/v2\/product\/45857","targetHints":{"allow":["GET"]}}],"collection":[{"href":"https:\/\/sundar.be\/fr\/wp-json\/wp\/v2\/product"}],"about":[{"href":"https:\/\/sundar.be\/fr\/wp-json\/wp\/v2\/types\/product"}],"replies":[{"embeddable":true,"href":"https:\/\/sundar.be\/fr\/wp-json\/wp\/v2\/comments?post=45857"}],"wp:featuredmedia":[{"embeddable":true,"href":"https:\/\/sundar.be\/fr\/wp-json\/wp\/v2\/media\/45856"}],"wp:attachment":[{"href":"https:\/\/sundar.be\/fr\/wp-json\/wp\/v2\/media?parent=45857"}],"wp:term":[{"taxonomy":"product_brand","embeddable":true,"href":"https:\/\/sundar.be\/fr\/wp-json\/wp\/v2\/product_brand?post=45857"},{"taxonomy":"product_cat","embeddable":true,"href":"https:\/\/sundar.be\/fr\/wp-json\/wp\/v2\/product_cat?post=45857"},{"taxonomy":"product_tag","embeddable":true,"href":"https:\/\/sundar.be\/fr\/wp-json\/wp\/v2\/product_tag?post=45857"}],"curies":[{"name":"wp","href":"https:\/\/api.w.org\/{rel}","templated":true}]}}