{"id":45840,"date":"2024-12-18T09:35:16","date_gmt":"2024-12-18T08:35:16","guid":{"rendered":"https:\/\/sundar.be\/product\/eau-demineralisee\/"},"modified":"2025-12-16T11:33:31","modified_gmt":"2025-12-16T10:33:31","slug":"eau-demineralisee","status":"publish","type":"product","link":"https:\/\/sundar.be\/fr\/produit\/eau-demineralisee\/","title":{"rendered":"Eau D\u00e9min\u00e9ralis\u00e9e"},"content":{"rendered":"<p data-start=\"62\" data-end=\"328\"><span style=\"color: #557e96;\"><strong>L\u2019eau d\u00e9min\u00e9ralis\u00e9e<\/strong><\/span> est un liquide pur, sans min\u00e9raux ni sels, sp\u00e9cialement adapt\u00e9 \u00e0 un usage professionnel dans les cabinets de p\u00e9dicurie et d\u2019esth\u00e9tique. Elle emp\u00eache la formation de calcaire et de r\u00e9sidus, prot\u00e9geant ainsi de mani\u00e8re optimale les appareils et les instruments. <\/p>\n<p data-start=\"330\" data-end=\"525\">Cette eau est id\u00e9ale pour une utilisation dans les moteurs de p\u00e9dicurie, les autoclaves et pour le nettoyage des instruments. Indispensable pour un fonctionnement hygi\u00e9nique et durable des \u00e9quipements professionnels. <\/p>\n","protected":false},"excerpt":{"rendered":"<p data-start=\"560\" data-end=\"737\">Eau d\u00e9min\u00e9ralis\u00e9e pure pour un usage professionnel dans les moteurs de p\u00e9dicurie, les autoclaves et le nettoyage des instruments. Pr\u00e9vient les d\u00e9p\u00f4ts de calcaire et prolonge la dur\u00e9e de vie des \u00e9quipements. <\/p>\n","protected":false},"featured_media":45837,"comment_status":"open","ping_status":"closed","template":"","meta":{"_acf_changed":false},"product_brand":[],"product_cat":[4945,4769,4789,1446,4133,4143,4972,5073,5774],"product_tag":[],"class_list":{"0":"post-45840","1":"product","2":"type-product","3":"status-publish","4":"has-post-thumbnail","6":"product_cat-amenagement-institut-webshop-fr","7":"product_cat-amenagement-appareils","8":"product_cat-appareils-de-beaute","9":"product_cat-hygiene-desinfection-fr","10":"product_cat-nettoyage-desinfection-ultrasonique","11":"product_cat-nettoyage-desinfection-nettoyage","12":"product_cat-nos-marques","13":"product_cat-reymerink-fr","14":"product_cat-vapozone-fr","15":"pa_inhoud-1-litre","16":"pa_inhoud-10-litres","17":"pa_inhoud-5-litres","19":"first","20":"instock","21":"taxable","22":"shipping-taxable","23":"product-type-variable"},"acf":[],"_links":{"self":[{"href":"https:\/\/sundar.be\/fr\/wp-json\/wp\/v2\/product\/45840","targetHints":{"allow":["GET"]}}],"collection":[{"href":"https:\/\/sundar.be\/fr\/wp-json\/wp\/v2\/product"}],"about":[{"href":"https:\/\/sundar.be\/fr\/wp-json\/wp\/v2\/types\/product"}],"replies":[{"embeddable":true,"href":"https:\/\/sundar.be\/fr\/wp-json\/wp\/v2\/comments?post=45840"}],"wp:featuredmedia":[{"embeddable":true,"href":"https:\/\/sundar.be\/fr\/wp-json\/wp\/v2\/media\/45837"}],"wp:attachment":[{"href":"https:\/\/sundar.be\/fr\/wp-json\/wp\/v2\/media?parent=45840"}],"wp:term":[{"taxonomy":"product_brand","embeddable":true,"href":"https:\/\/sundar.be\/fr\/wp-json\/wp\/v2\/product_brand?post=45840"},{"taxonomy":"product_cat","embeddable":true,"href":"https:\/\/sundar.be\/fr\/wp-json\/wp\/v2\/product_cat?post=45840"},{"taxonomy":"product_tag","embeddable":true,"href":"https:\/\/sundar.be\/fr\/wp-json\/wp\/v2\/product_tag?post=45840"}],"curies":[{"name":"wp","href":"https:\/\/api.w.org\/{rel}","templated":true}]}}