{"id":45831,"date":"2024-12-18T09:20:44","date_gmt":"2024-12-18T08:20:44","guid":{"rendered":"https:\/\/sundar.be\/product\/nettoyeur-de-pinceaux-100-ml\/"},"modified":"2025-03-13T09:57:15","modified_gmt":"2025-03-13T08:57:15","slug":"nettoyeur-de-pinceaux-100-ml","status":"publish","type":"product","link":"https:\/\/sundar.be\/fr\/produit\/nettoyeur-de-pinceaux-100-ml\/","title":{"rendered":"Nettoyeur de pinceaux, 100 ml"},"content":{"rendered":"<p>Le nettoyant pour pinceaux convient pour le nettoyage des pinceaux de gel et de nail-art. Le Brush Cleaner \u00e9limine les r\u00e9sidus de gel et emp\u00eache les poils du pinceau de durcir ou de se dess\u00e9cher. <\/p>\n","protected":false},"excerpt":{"rendered":"<p>Le nettoyant pour pinceaux est un liquide permettant un nettoyage rapide et efficace des pinceaux.<\/p>\n","protected":false},"featured_media":45829,"comment_status":"open","ping_status":"closed","template":"","meta":{"_acf_changed":false},"product_brand":[],"product_cat":[5008,5621,5010,4761],"product_tag":[],"class_list":{"0":"post-45831","1":"product","2":"type-product","3":"status-publish","4":"has-post-thumbnail","6":"product_cat-manucure-materiel-manucure","7":"product_cat-nettoyant-pinceaux","8":"product_cat-manucure-pinceaux","9":"product_cat-pose-ongles","10":"pa_inhoud-100-ml-fr","11":"pa_inhoud-500-ml-fr","13":"first","14":"instock","15":"taxable","16":"shipping-taxable","17":"product-type-variable"},"acf":[],"_links":{"self":[{"href":"https:\/\/sundar.be\/fr\/wp-json\/wp\/v2\/product\/45831","targetHints":{"allow":["GET"]}}],"collection":[{"href":"https:\/\/sundar.be\/fr\/wp-json\/wp\/v2\/product"}],"about":[{"href":"https:\/\/sundar.be\/fr\/wp-json\/wp\/v2\/types\/product"}],"replies":[{"embeddable":true,"href":"https:\/\/sundar.be\/fr\/wp-json\/wp\/v2\/comments?post=45831"}],"wp:featuredmedia":[{"embeddable":true,"href":"https:\/\/sundar.be\/fr\/wp-json\/wp\/v2\/media\/45829"}],"wp:attachment":[{"href":"https:\/\/sundar.be\/fr\/wp-json\/wp\/v2\/media?parent=45831"}],"wp:term":[{"taxonomy":"product_brand","embeddable":true,"href":"https:\/\/sundar.be\/fr\/wp-json\/wp\/v2\/product_brand?post=45831"},{"taxonomy":"product_cat","embeddable":true,"href":"https:\/\/sundar.be\/fr\/wp-json\/wp\/v2\/product_cat?post=45831"},{"taxonomy":"product_tag","embeddable":true,"href":"https:\/\/sundar.be\/fr\/wp-json\/wp\/v2\/product_tag?post=45831"}],"curies":[{"name":"wp","href":"https:\/\/api.w.org\/{rel}","templated":true}]}}