{"id":45826,"date":"2024-12-18T09:14:31","date_gmt":"2024-12-18T08:14:31","guid":{"rendered":"https:\/\/sundar.be\/product\/lampe-a-loupe-ambulatoire-amadeus\/"},"modified":"2025-08-04T12:55:42","modified_gmt":"2025-08-04T10:55:42","slug":"lampe-a-loupe-ambulatoire-amadeus","status":"publish","type":"product","link":"https:\/\/sundar.be\/fr\/produit\/lampe-a-loupe-ambulatoire-amadeus\/","title":{"rendered":"Lampe \u00e0 loupe ambulatoire Amadeus"},"content":{"rendered":"<p>Cette lampe loupe est indispensable pour le p\u00e9dicure\/manucure ambulant, car une bonne vision est essentielle pour travailler. Cette lampe loupe Amadeus est dot\u00e9e d&rsquo;un bras flexible recouvert de silicone. Le bras permet de r\u00e9gler l&rsquo;angle de travail. La lampe est munie d&rsquo;une pince sp\u00e9ciale que l&rsquo;on ouvre comme une grande pince et que l&rsquo;on fixe ensuite sur la table ou le coffret souhait\u00e9.   <\/p>\n<p><strong>Caract\u00e9ristiques:<\/strong><\/p>\n<ul>\n<li>Le bras flexible de 40 cm + le bo\u00eetier de la lampe donnent une longueur totale de 57 cm.<\/li>\n<li>La lentille a un diam\u00e8tre confortable de 9,5 cm.<\/li>\n<li>Eclairage LED \u00e9conomique avec 30 ampoules ultra LED SMD haute fid\u00e9lit\u00e9 d&rsquo;une puissance totale de seulement 6 watts<\/li>\n<\/ul>\n","protected":false},"excerpt":{"rendered":"<p>Ce dernier mod\u00e8le de lampe loupe ronde \u00e0 LED est vraiment tout ce que vous attendez d&rsquo;une lampe loupe, robuste et de haute conception et tr\u00e8s \u00e9conomique \u00e0 l&rsquo;usage. L&rsquo;Amadeus dispose de 2 modes de lumi\u00e8re du jour qui peuvent \u00eatre command\u00e9s \u00e0 l&rsquo;aide d&rsquo;un bouton tactile pratique. <\/p>\n","protected":false},"featured_media":45825,"comment_status":"open","ping_status":"closed","template":"","meta":{"_acf_changed":false},"product_brand":[],"product_cat":[4945,4769,4793],"product_tag":[],"class_list":{"0":"post-45826","1":"product","2":"type-product","3":"status-publish","4":"has-post-thumbnail","6":"product_cat-amenagement-institut-webshop-fr","7":"product_cat-amenagement-appareils","8":"product_cat-loupes-lumineuses-amenagement-appareils","10":"first","11":"instock","12":"taxable","13":"shipping-taxable","14":"product-type-simple"},"acf":[],"_links":{"self":[{"href":"https:\/\/sundar.be\/fr\/wp-json\/wp\/v2\/product\/45826","targetHints":{"allow":["GET"]}}],"collection":[{"href":"https:\/\/sundar.be\/fr\/wp-json\/wp\/v2\/product"}],"about":[{"href":"https:\/\/sundar.be\/fr\/wp-json\/wp\/v2\/types\/product"}],"replies":[{"embeddable":true,"href":"https:\/\/sundar.be\/fr\/wp-json\/wp\/v2\/comments?post=45826"}],"wp:featuredmedia":[{"embeddable":true,"href":"https:\/\/sundar.be\/fr\/wp-json\/wp\/v2\/media\/45825"}],"wp:attachment":[{"href":"https:\/\/sundar.be\/fr\/wp-json\/wp\/v2\/media?parent=45826"}],"wp:term":[{"taxonomy":"product_brand","embeddable":true,"href":"https:\/\/sundar.be\/fr\/wp-json\/wp\/v2\/product_brand?post=45826"},{"taxonomy":"product_cat","embeddable":true,"href":"https:\/\/sundar.be\/fr\/wp-json\/wp\/v2\/product_cat?post=45826"},{"taxonomy":"product_tag","embeddable":true,"href":"https:\/\/sundar.be\/fr\/wp-json\/wp\/v2\/product_tag?post=45826"}],"curies":[{"name":"wp","href":"https:\/\/api.w.org\/{rel}","templated":true}]}}