{"id":45822,"date":"2024-12-18T08:55:28","date_gmt":"2024-12-18T07:55:28","guid":{"rendered":"https:\/\/sundar.be\/product\/tabouret-ambulatoire-en-cuir-suda\/"},"modified":"2025-08-04T12:55:36","modified_gmt":"2025-08-04T10:55:36","slug":"tabouret-ambulatoire-en-cuir-suda","status":"publish","type":"product","link":"https:\/\/sundar.be\/fr\/produit\/tabouret-ambulatoire-en-cuir-suda\/","title":{"rendered":"Tabouret ambulatoire en cuir Suda"},"content":{"rendered":"<p>Tabouret de travail professionnel avec assise en cuir respirant.<\/p>\n<p>Pour une assise optimale lors des soins ambulatoires des pieds, utilisez ce tabouret de travail.<br \/>Gr\u00e2ce \u00e0 son tr\u00e9pied stable, il assure une position s\u00e9curis\u00e9e. L\u2019assise est en cuir naturel respirant.<br \/>Le tabouret peut \u00eatre install\u00e9 en quelques secondes !   <\/p>\n","protected":false},"excerpt":{"rendered":"<p>Tabouret de travail professionnel avec assise en cuir respirant. Pour une assise optimale lors des soins ambulatoires des pieds, utilisez ce tabouret de travail.Gr\u00e2ce \u00e0 son tr\u00e9pied stable, il assure une position s\u00e9curis\u00e9e. L\u2019assise est en cuir naturel respirant.Le tabouret peut \u00eatre install\u00e9 en quelques secondes !<\/p>\n","protected":false},"featured_media":45819,"comment_status":"open","ping_status":"closed","template":"","meta":{"_acf_changed":false},"product_brand":[],"product_cat":[4945,4790,4784],"product_tag":[],"class_list":{"0":"post-45822","1":"product","2":"type-product","3":"status-publish","4":"has-post-thumbnail","6":"product_cat-amenagement-institut-webshop-fr","7":"product_cat-mobilier-chaises-travail","8":"product_cat-amenagement-mobilier","10":"first","11":"instock","12":"taxable","13":"shipping-taxable","14":"product-type-simple"},"acf":[],"_links":{"self":[{"href":"https:\/\/sundar.be\/fr\/wp-json\/wp\/v2\/product\/45822","targetHints":{"allow":["GET"]}}],"collection":[{"href":"https:\/\/sundar.be\/fr\/wp-json\/wp\/v2\/product"}],"about":[{"href":"https:\/\/sundar.be\/fr\/wp-json\/wp\/v2\/types\/product"}],"replies":[{"embeddable":true,"href":"https:\/\/sundar.be\/fr\/wp-json\/wp\/v2\/comments?post=45822"}],"wp:featuredmedia":[{"embeddable":true,"href":"https:\/\/sundar.be\/fr\/wp-json\/wp\/v2\/media\/45819"}],"wp:attachment":[{"href":"https:\/\/sundar.be\/fr\/wp-json\/wp\/v2\/media?parent=45822"}],"wp:term":[{"taxonomy":"product_brand","embeddable":true,"href":"https:\/\/sundar.be\/fr\/wp-json\/wp\/v2\/product_brand?post=45822"},{"taxonomy":"product_cat","embeddable":true,"href":"https:\/\/sundar.be\/fr\/wp-json\/wp\/v2\/product_cat?post=45822"},{"taxonomy":"product_tag","embeddable":true,"href":"https:\/\/sundar.be\/fr\/wp-json\/wp\/v2\/product_tag?post=45822"}],"curies":[{"name":"wp","href":"https:\/\/api.w.org\/{rel}","templated":true}]}}