{"id":45808,"date":"2024-11-12T13:31:34","date_gmt":"2024-11-12T12:31:34","guid":{"rendered":"https:\/\/sundar.be\/product\/siege-de-travail-rocky-wit\/"},"modified":"2025-08-04T13:10:57","modified_gmt":"2025-08-04T11:10:57","slug":"siege-de-travail-rocky-wit","status":"publish","type":"product","link":"https:\/\/sundar.be\/fr\/produit\/siege-de-travail-rocky-wit\/","title":{"rendered":"Si\u00e8ge de Travail Rocky Wit"},"content":{"rendered":"<p>Un si\u00e8ge de travail doit \u00eatre parfaitement adapt\u00e9 \u00e0 l&rsquo;utilisateur et \u00e0 son lieu de travail. En particulier pour les activit\u00e9s qui requi\u00e8rent une grande concentration, il est essentiel que l&rsquo;utilisateur puisse travailler dans une position confortable. Nous avons dans notre gamme le si\u00e8ge de travail id\u00e9al pour chaque exigence. La forme de la selle favorise une position assise droite et stimule la circulation sanguine dans les jambes.   <\/p>\n<h4>Caract\u00e9ristiques<\/h4>\n<ul>\n<li>Tapis de selle en cuir artificiel facile d&rsquo;entretien, respirant et perm\u00e9able \u00e0 la vapeur d&rsquo;eau<\/li>\n<li>Si\u00e8ge pivotant et ergonomique<\/li>\n<li>Suspension \u00e0 pression de gaz \u00ab Lift-o-Mat \u00bb, m\u00e9nageant la colonne vert\u00e9brale et le dos.<\/li>\n<li>Support s\u00fbr gr\u00e2ce \u00e0 la base pivotante \u00e0 5 pieds avec roulettes frein\u00e9es<\/li>\n<li>Cadre en aluminium robuste mais l\u00e9ger<\/li>\n<li>Disponible dans d&rsquo;autres couleurs<\/li>\n<li>Diam\u00e8tre de l&rsquo;assise : 40 cm<\/li>\n<li>Hauteur d&rsquo;assise : 41-53 cm<\/li>\n<li>Poids : 5 kg<\/li>\n<\/ul>\n","protected":false},"excerpt":{"rendered":"<p>Tabouret de travail confortable pour une position assise droite.<\/p>\n","protected":false},"featured_media":44897,"comment_status":"open","ping_status":"closed","template":"","meta":{"_acf_changed":false},"product_brand":[],"product_cat":[4945,4790,4784],"product_tag":[],"class_list":{"0":"post-45808","1":"product","2":"type-product","3":"status-publish","4":"has-post-thumbnail","6":"product_cat-amenagement-institut-webshop-fr","7":"product_cat-mobilier-chaises-travail","8":"product_cat-amenagement-mobilier","10":"first","11":"instock","12":"taxable","13":"shipping-taxable","14":"product-type-simple"},"acf":[],"_links":{"self":[{"href":"https:\/\/sundar.be\/fr\/wp-json\/wp\/v2\/product\/45808","targetHints":{"allow":["GET"]}}],"collection":[{"href":"https:\/\/sundar.be\/fr\/wp-json\/wp\/v2\/product"}],"about":[{"href":"https:\/\/sundar.be\/fr\/wp-json\/wp\/v2\/types\/product"}],"replies":[{"embeddable":true,"href":"https:\/\/sundar.be\/fr\/wp-json\/wp\/v2\/comments?post=45808"}],"wp:featuredmedia":[{"embeddable":true,"href":"https:\/\/sundar.be\/fr\/wp-json\/wp\/v2\/media\/44897"}],"wp:attachment":[{"href":"https:\/\/sundar.be\/fr\/wp-json\/wp\/v2\/media?parent=45808"}],"wp:term":[{"taxonomy":"product_brand","embeddable":true,"href":"https:\/\/sundar.be\/fr\/wp-json\/wp\/v2\/product_brand?post=45808"},{"taxonomy":"product_cat","embeddable":true,"href":"https:\/\/sundar.be\/fr\/wp-json\/wp\/v2\/product_cat?post=45808"},{"taxonomy":"product_tag","embeddable":true,"href":"https:\/\/sundar.be\/fr\/wp-json\/wp\/v2\/product_tag?post=45808"}],"curies":[{"name":"wp","href":"https:\/\/api.w.org\/{rel}","templated":true}]}}