{"id":45803,"date":"2024-12-18T08:38:35","date_gmt":"2024-12-18T07:38:35","guid":{"rendered":"https:\/\/sundar.be\/product\/siege-de-travail-ergonomic-2\/"},"modified":"2025-08-04T12:55:39","modified_gmt":"2025-08-04T10:55:39","slug":"siege-de-travail-ergonomic-2","status":"publish","type":"product","link":"https:\/\/sundar.be\/fr\/produit\/siege-de-travail-ergonomic-2\/","title":{"rendered":"Si\u00e8ge de travail \u00ab\u00a0Ergonomic\u00a0\u00bb"},"content":{"rendered":"<p>La chaise de travail SUPPORT \u00ab\u00a0Ergonomic\u00a0\u00bb est un design soigneusement con\u00e7u, \u00e0 la fois ergonomique et esth\u00e9tique. La position de travail optimale peut \u00eatre facilement ajust\u00e9e et maintenue par l&rsquo;utilisateur. Cette chaise a \u00e9t\u00e9 d\u00e9velopp\u00e9e pour les professionnels qui passent de longues heures en position assise, n\u00e9cessitant un soutien optimal du dos tout en offrant une libert\u00e9 de mouvement maximale.  <\/p>\n<p>Disponible dans d&rsquo;autres finitions. Contactez-nous pour plus d&rsquo;informations. <\/p>\n","protected":false},"excerpt":{"rendered":"<p>Swedish Support Design met son \u00e2me dans chaque chaise qui sort de sa production. C&rsquo;est pourquoi, selon eux, les chaises Support Design permettent aux gens de s&rsquo;asseoir et de se sentir mieux depuis plus de 30 ans. S&rsquo;inspirant de la conception ing\u00e9nieuse de Bruno Mathsson pour la chaise et le dossier SAGA et Support, ils proposent une large gamme de mod\u00e8les adapt\u00e9s aux besoins sp\u00e9cifiques des clients dans diff\u00e9rentes situations de travail.<br \/>Traduit avec DeepL.com (version gratuite) <\/p>\n","protected":false},"featured_media":45800,"comment_status":"open","ping_status":"closed","template":"","meta":{"_acf_changed":false},"product_brand":[],"product_cat":[4945,4790,4784],"product_tag":[],"class_list":{"0":"post-45803","1":"product","2":"type-product","3":"status-publish","4":"has-post-thumbnail","6":"product_cat-amenagement-institut-webshop-fr","7":"product_cat-mobilier-chaises-travail","8":"product_cat-amenagement-mobilier","10":"first","11":"instock","12":"taxable","13":"shipping-taxable","14":"product-type-simple"},"acf":[],"_links":{"self":[{"href":"https:\/\/sundar.be\/fr\/wp-json\/wp\/v2\/product\/45803","targetHints":{"allow":["GET"]}}],"collection":[{"href":"https:\/\/sundar.be\/fr\/wp-json\/wp\/v2\/product"}],"about":[{"href":"https:\/\/sundar.be\/fr\/wp-json\/wp\/v2\/types\/product"}],"replies":[{"embeddable":true,"href":"https:\/\/sundar.be\/fr\/wp-json\/wp\/v2\/comments?post=45803"}],"wp:featuredmedia":[{"embeddable":true,"href":"https:\/\/sundar.be\/fr\/wp-json\/wp\/v2\/media\/45800"}],"wp:attachment":[{"href":"https:\/\/sundar.be\/fr\/wp-json\/wp\/v2\/media?parent=45803"}],"wp:term":[{"taxonomy":"product_brand","embeddable":true,"href":"https:\/\/sundar.be\/fr\/wp-json\/wp\/v2\/product_brand?post=45803"},{"taxonomy":"product_cat","embeddable":true,"href":"https:\/\/sundar.be\/fr\/wp-json\/wp\/v2\/product_cat?post=45803"},{"taxonomy":"product_tag","embeddable":true,"href":"https:\/\/sundar.be\/fr\/wp-json\/wp\/v2\/product_tag?post=45803"}],"curies":[{"name":"wp","href":"https:\/\/api.w.org\/{rel}","templated":true}]}}