{"id":45588,"date":"2024-11-29T11:26:46","date_gmt":"2024-11-29T10:26:46","guid":{"rendered":"https:\/\/sundar.be\/product\/hfl-fungicheck-10-pcs\/"},"modified":"2025-11-26T13:33:49","modified_gmt":"2025-11-26T12:33:49","slug":"hfl-fungicheck-10-pcs","status":"publish","type":"product","link":"https:\/\/sundar.be\/fr\/produit\/hfl-fungicheck-10-pcs\/","title":{"rendered":"HFL FungiCheck, 10 pcs"},"content":{"rendered":"<p>Le kit de test FungiCheck contient 10 tests complets. Il comprend des bandes de test, un liquide d&rsquo;extraction, 10 tubes de test et 10 b\u00e2tonnets d&rsquo;agitation. Le test doit toujours \u00eatre r\u00e9alis\u00e9 par un professionnel exp\u00e9riment\u00e9 dans les pratiques st\u00e9riles. La bande de test du kit FungiCheck est compos\u00e9e d&rsquo;une couche d&rsquo;\u00e9chantillon, d&rsquo;une bande r\u00e9active, d&rsquo;une bande de d\u00e9cision et d&rsquo;un coussin absorbant. Gr\u00e2ce \u00e0 la ligne de contr\u00f4le suppl\u00e9mentaire, vous pouvez facilement v\u00e9rifier si votre \u00e9chantillon a \u00e9t\u00e9 correctement absorb\u00e9 par la bande de test.    <\/p>\n<p><strong>Le Fungicheck teste les champignons suivants : <\/strong>Trichophyton mentagrophytes, T. Rubrum, T. tonsurans, T. violaceum, T. verrucosum, Microsporum gypseum, M. Canis, Epidermophyton Floccosum, Aspergillus flavus, A. Fumigatus, A. Niger, A. Terreus, Neosartorya fischeri, Paecilomyces lilacinus, Penicillium griseofulvum, Veronaea botryosa, Fusarium solani, Exophiala dermatitidis (forme M-Y), E. Dermatitidis (forme G), E. Spinifera, Hortaea werneckii, Malbranchea circinata, M. flavorosea.<\/p>\n","protected":false},"excerpt":{"rendered":"<p>Le kit de test FungiCheck contient 10 tests complets. Il comprend des bandes de test, un liquide d&rsquo;extraction, 10 tubes de test et 10 b\u00e2tonnets d&rsquo;agitation. Le test doit toujours \u00eatre r\u00e9alis\u00e9 par un professionnel exp\u00e9riment\u00e9 dans les pratiques st\u00e9riles. La bande de test du kit FungiCheck est compos\u00e9e d&rsquo;une couche d&rsquo;\u00e9chantillon, d&rsquo;une bande r\u00e9active, [&hellip;]<\/p>\n","protected":false},"featured_media":45490,"comment_status":"open","ping_status":"closed","template":"","meta":{"_acf_changed":false},"product_brand":[],"product_cat":[6145,4885,5006,4972,4755,4999,5796],"product_tag":[],"class_list":{"0":"post-45588","1":"product","2":"type-product","3":"status-publish","4":"has-post-thumbnail","6":"product_cat-nos-marques-hfl-laboratories","7":"product_cat-hfl-labo-soins-pieds","8":"product_cat-mycose-du-pied-ongles","9":"product_cat-nos-marques","10":"product_cat-pedicure","11":"product_cat-soins-specifique-pieds","12":"product_cat-soins-pieds-marque","14":"first","15":"instock","16":"taxable","17":"shipping-taxable","18":"product-type-simple"},"acf":[],"_links":{"self":[{"href":"https:\/\/sundar.be\/fr\/wp-json\/wp\/v2\/product\/45588","targetHints":{"allow":["GET"]}}],"collection":[{"href":"https:\/\/sundar.be\/fr\/wp-json\/wp\/v2\/product"}],"about":[{"href":"https:\/\/sundar.be\/fr\/wp-json\/wp\/v2\/types\/product"}],"replies":[{"embeddable":true,"href":"https:\/\/sundar.be\/fr\/wp-json\/wp\/v2\/comments?post=45588"}],"wp:featuredmedia":[{"embeddable":true,"href":"https:\/\/sundar.be\/fr\/wp-json\/wp\/v2\/media\/45490"}],"wp:attachment":[{"href":"https:\/\/sundar.be\/fr\/wp-json\/wp\/v2\/media?parent=45588"}],"wp:term":[{"taxonomy":"product_brand","embeddable":true,"href":"https:\/\/sundar.be\/fr\/wp-json\/wp\/v2\/product_brand?post=45588"},{"taxonomy":"product_cat","embeddable":true,"href":"https:\/\/sundar.be\/fr\/wp-json\/wp\/v2\/product_cat?post=45588"},{"taxonomy":"product_tag","embeddable":true,"href":"https:\/\/sundar.be\/fr\/wp-json\/wp\/v2\/product_tag?post=45588"}],"curies":[{"name":"wp","href":"https:\/\/api.w.org\/{rel}","templated":true}]}}