{"id":45585,"date":"2024-11-29T11:29:26","date_gmt":"2024-11-29T10:29:26","guid":{"rendered":"https:\/\/sundar.be\/product\/hfl-insectobite-15ml\/"},"modified":"2025-11-26T13:33:55","modified_gmt":"2025-11-26T12:33:55","slug":"hfl-insectobite-15ml","status":"publish","type":"product","link":"https:\/\/sundar.be\/fr\/produit\/hfl-insectobite-15ml\/","title":{"rendered":"HFL Insectobite, 15ml"},"content":{"rendered":"<p>Insectobite offre une protection apaisante et rafra\u00eechissante gr\u00e2ce \u00e0 ses ingr\u00e9dients hydrophiles. Formul\u00e9 \u00e0 base de miel m\u00e9dical r\u00e9gulateur d\u2019hydratation, il aide \u00e0 pr\u00e9venir les rougeurs et les gonflements importants. De plus, il prot\u00e8ge l\u2019int\u00e9grit\u00e9 immunitaire de la peau et stimule la production de collag\u00e8ne, favorisant ainsi le r\u00e9parateur cutan\u00e9.  <\/p>\n<p>L&rsquo;extrait de feuille de Hamamelis Virginiana r\u00e9duit les d\u00e9mangeaisons, l&rsquo;enflure et les rougeurs.<\/p>\n<p>Essayez de ne pas gratter pour \u00e9viter les blessures et les infections !<\/p>\n","protected":false},"excerpt":{"rendered":"<p>Insectobite offre une protection apaisante et rafra\u00eechissante gr\u00e2ce \u00e0 ses ingr\u00e9dients hydrophiles. Formul\u00e9 \u00e0 base de miel m\u00e9dical r\u00e9gulateur d\u2019hydratation, il aide \u00e0 pr\u00e9venir les rougeurs et les gonflements importants. De plus, il prot\u00e8ge l\u2019int\u00e9grit\u00e9 immunitaire de la peau et stimule la production de collag\u00e8ne, favorisant ainsi le r\u00e9parateur cutan\u00e9. L&rsquo;extrait de feuille de Hamamelis [&hellip;]<\/p>\n","protected":false},"featured_media":45493,"comment_status":"open","ping_status":"closed","template":"","meta":{"_acf_changed":false},"product_brand":[],"product_cat":[6145,4885,5800,4972,4755,5796,5673],"product_tag":[],"class_list":{"0":"post-45585","1":"product","2":"type-product","3":"status-publish","4":"has-post-thumbnail","6":"product_cat-nos-marques-hfl-laboratories","7":"product_cat-hfl-labo-soins-pieds","8":"product_cat-laits-corporels-cremes","9":"product_cat-nos-marques","10":"product_cat-pedicure","11":"product_cat-soins-pieds-marque","12":"product_cat-soins-corps","13":"pa_inhoud-15-ml-fr","14":"pa_inhoud-flyers-50-pcs","16":"first","17":"instock","18":"taxable","19":"shipping-taxable","20":"product-type-variable"},"acf":[],"_links":{"self":[{"href":"https:\/\/sundar.be\/fr\/wp-json\/wp\/v2\/product\/45585","targetHints":{"allow":["GET"]}}],"collection":[{"href":"https:\/\/sundar.be\/fr\/wp-json\/wp\/v2\/product"}],"about":[{"href":"https:\/\/sundar.be\/fr\/wp-json\/wp\/v2\/types\/product"}],"replies":[{"embeddable":true,"href":"https:\/\/sundar.be\/fr\/wp-json\/wp\/v2\/comments?post=45585"}],"wp:featuredmedia":[{"embeddable":true,"href":"https:\/\/sundar.be\/fr\/wp-json\/wp\/v2\/media\/45493"}],"wp:attachment":[{"href":"https:\/\/sundar.be\/fr\/wp-json\/wp\/v2\/media?parent=45585"}],"wp:term":[{"taxonomy":"product_brand","embeddable":true,"href":"https:\/\/sundar.be\/fr\/wp-json\/wp\/v2\/product_brand?post=45585"},{"taxonomy":"product_cat","embeddable":true,"href":"https:\/\/sundar.be\/fr\/wp-json\/wp\/v2\/product_cat?post=45585"},{"taxonomy":"product_tag","embeddable":true,"href":"https:\/\/sundar.be\/fr\/wp-json\/wp\/v2\/product_tag?post=45585"}],"curies":[{"name":"wp","href":"https:\/\/api.w.org\/{rel}","templated":true}]}}