{"id":45583,"date":"2024-11-29T11:45:48","date_gmt":"2024-11-29T10:45:48","guid":{"rendered":"https:\/\/sundar.be\/product\/hfl-s-o-s-cream-50-ml\/"},"modified":"2025-11-26T13:13:36","modified_gmt":"2025-11-26T12:13:36","slug":"hfl-s-o-s-cream-50-ml","status":"publish","type":"product","link":"https:\/\/sundar.be\/fr\/produit\/hfl-s-o-s-cream-50-ml\/","title":{"rendered":"HFL S.O.S. Cream, 50 ml"},"content":{"rendered":"<p>La S.O.S. Cream est une cr\u00e8me douce et d\u00e9licate, id\u00e9ale pour une peau rouge, sensible et irrit\u00e9e, en particulier lorsque celle-ci est r\u00e9active.  <\/p>\n<p>Action apaisante, aidant la peau \u00e0 retrouver son \u00e9quilibre, notamment apr\u00e8s une exposition au soleil ou un contact avec des orties, lorsque la peau ressent une g\u00eane.<\/p>\n<p>Convient \u00e9galement pour les petites crevasses au niveau des extr\u00e9mit\u00e9s des doigts. Hydrate intens\u00e9ment et procure une sensation de douceur imm\u00e9diate. <\/p>\n<p>Maintient l\u2019\u00e9lasticit\u00e9 de la peau et favorise le bon \u00e9tat du tissu conjonctif.<\/p>\n","protected":false},"excerpt":{"rendered":"<p>Cr\u00e8me id\u00e9ale pour toute la famille. Favorise la capacit\u00e9 r\u00e9paratrice des peaux irrit\u00e9es. <\/p>\n","protected":false},"featured_media":45736,"comment_status":"open","ping_status":"closed","template":"","meta":{"_acf_changed":false},"product_brand":[],"product_cat":[4998,5054,6145,4885,4972,4755,4999,5796,4996],"product_tag":[],"class_list":{"0":"post-45583","1":"product","2":"type-product","3":"status-publish","4":"has-post-thumbnail","6":"product_cat-cremes-lotions-pieds","7":"product_cat-cremes-diabetiques","8":"product_cat-nos-marques-hfl-laboratories","9":"product_cat-hfl-labo-soins-pieds","10":"product_cat-nos-marques","11":"product_cat-pedicure","12":"product_cat-soins-specifique-pieds","13":"product_cat-soins-pieds-marque","14":"product_cat-soins-quotidiens-des-pieds","16":"first","17":"instock","18":"taxable","19":"shipping-taxable","20":"product-type-simple"},"acf":[],"_links":{"self":[{"href":"https:\/\/sundar.be\/fr\/wp-json\/wp\/v2\/product\/45583","targetHints":{"allow":["GET"]}}],"collection":[{"href":"https:\/\/sundar.be\/fr\/wp-json\/wp\/v2\/product"}],"about":[{"href":"https:\/\/sundar.be\/fr\/wp-json\/wp\/v2\/types\/product"}],"replies":[{"embeddable":true,"href":"https:\/\/sundar.be\/fr\/wp-json\/wp\/v2\/comments?post=45583"}],"wp:featuredmedia":[{"embeddable":true,"href":"https:\/\/sundar.be\/fr\/wp-json\/wp\/v2\/media\/45736"}],"wp:attachment":[{"href":"https:\/\/sundar.be\/fr\/wp-json\/wp\/v2\/media?parent=45583"}],"wp:term":[{"taxonomy":"product_brand","embeddable":true,"href":"https:\/\/sundar.be\/fr\/wp-json\/wp\/v2\/product_brand?post=45583"},{"taxonomy":"product_cat","embeddable":true,"href":"https:\/\/sundar.be\/fr\/wp-json\/wp\/v2\/product_cat?post=45583"},{"taxonomy":"product_tag","embeddable":true,"href":"https:\/\/sundar.be\/fr\/wp-json\/wp\/v2\/product_tag?post=45583"}],"curies":[{"name":"wp","href":"https:\/\/api.w.org\/{rel}","templated":true}]}}