{"id":45578,"date":"2024-11-29T11:39:17","date_gmt":"2024-11-29T10:39:17","guid":{"rendered":"https:\/\/sundar.be\/product\/hfl-roselan-balm\/"},"modified":"2025-11-26T13:14:06","modified_gmt":"2025-11-26T12:14:06","slug":"hfl-roselan-balm","status":"publish","type":"product","link":"https:\/\/sundar.be\/fr\/produit\/hfl-roselan-balm\/","title":{"rendered":"HFL Roselan Balm"},"content":{"rendered":"<p>La Roselan Balm offre un soin optimal et une protection efficace pour les peaux s\u00e8ches, les crevasses, les callosit\u00e9s, les zones s\u00e8ches et les peaux sensibles sur l\u2019ensemble du corps. Ce baume soutient le processus naturel de r\u00e9g\u00e9n\u00e9ration de la peau et nourrit en profondeur les couches cutan\u00e9es. Il est donc id\u00e9al pour les peaux fissur\u00e9es, aidant \u00e0 retrouver une peau douce et lisse.  <\/p>\n<p>La Roselan Balm offre une protection intensive, aidant \u00e0 pr\u00e9server l&rsquo;int\u00e9grit\u00e9 de la barri\u00e8re cutan\u00e9e naturelle et \u00e0 prot\u00e9ger la peau des agressions ext\u00e9rieures.<\/p>\n<p>Si vous avez une peau s\u00e8che, rugueuse ou sensible, vous pouvez parfaitement associer ce produit avec un deuxi\u00e8me soin de HFL Laboratories : la Dermoleen Cream.<\/p>\n","protected":false},"excerpt":{"rendered":"<p>Pour le soin des peaux particuli\u00e8rement s\u00e8ches et des callosit\u00e9s.<\/p>\n","protected":false},"featured_media":45506,"comment_status":"open","ping_status":"closed","template":"","meta":{"_acf_changed":false},"product_brand":[],"product_cat":[5000,5054,6145,4885,4972,4755,4999,5796],"product_tag":[],"class_list":{"0":"post-45578","1":"product","2":"type-product","3":"status-publish","4":"has-post-thumbnail","6":"product_cat-callosites-crevasses","7":"product_cat-cremes-diabetiques","8":"product_cat-nos-marques-hfl-laboratories","9":"product_cat-hfl-labo-soins-pieds","10":"product_cat-nos-marques","11":"product_cat-pedicure","12":"product_cat-soins-specifique-pieds","13":"product_cat-soins-pieds-marque","14":"pa_inhoud-450ml-fr","15":"pa_inhoud-60-ml-fr","16":"pa_inhoud-flyers-50-pcs","17":"pa_inhoud-testeur","19":"first","20":"instock","21":"taxable","22":"shipping-taxable","23":"product-type-variable"},"acf":[],"_links":{"self":[{"href":"https:\/\/sundar.be\/fr\/wp-json\/wp\/v2\/product\/45578","targetHints":{"allow":["GET"]}}],"collection":[{"href":"https:\/\/sundar.be\/fr\/wp-json\/wp\/v2\/product"}],"about":[{"href":"https:\/\/sundar.be\/fr\/wp-json\/wp\/v2\/types\/product"}],"replies":[{"embeddable":true,"href":"https:\/\/sundar.be\/fr\/wp-json\/wp\/v2\/comments?post=45578"}],"wp:featuredmedia":[{"embeddable":true,"href":"https:\/\/sundar.be\/fr\/wp-json\/wp\/v2\/media\/45506"}],"wp:attachment":[{"href":"https:\/\/sundar.be\/fr\/wp-json\/wp\/v2\/media?parent=45578"}],"wp:term":[{"taxonomy":"product_brand","embeddable":true,"href":"https:\/\/sundar.be\/fr\/wp-json\/wp\/v2\/product_brand?post=45578"},{"taxonomy":"product_cat","embeddable":true,"href":"https:\/\/sundar.be\/fr\/wp-json\/wp\/v2\/product_cat?post=45578"},{"taxonomy":"product_tag","embeddable":true,"href":"https:\/\/sundar.be\/fr\/wp-json\/wp\/v2\/product_tag?post=45578"}],"curies":[{"name":"wp","href":"https:\/\/api.w.org\/{rel}","templated":true}]}}