{"id":45576,"date":"2024-11-29T11:51:51","date_gmt":"2024-11-29T10:51:51","guid":{"rendered":"https:\/\/sundar.be\/product\/hfl-solution-drops-30-ml\/"},"modified":"2025-11-26T13:14:18","modified_gmt":"2025-11-26T12:14:18","slug":"hfl-solution-drops-30-ml","status":"publish","type":"product","link":"https:\/\/sundar.be\/fr\/produit\/hfl-solution-drops-30-ml\/","title":{"rendered":"HFL Solution Drops, 30 ml"},"content":{"rendered":"<p>L&rsquo;essence d&rsquo;argent collo\u00efdal (5 ppm.), de l&rsquo;eau distill\u00e9e pure 100% naturelle avec des amas submicroscopiques de particules d&rsquo;argent et d&rsquo;or.<\/p>\n<p>Le terme \u00ab collo\u00efdal \u00bb d\u00e9signe une suspension liquide compos\u00e9e de particules microscopiques d&rsquo;une substance donn\u00e9e dans de l&rsquo;eau distill\u00e9e. Outre les particules d&rsquo;argent, il peut s&rsquo;agir d&rsquo;or, de zinc et de magn\u00e9sium, par exemple. Plus les particules sont petites, meilleur est le r\u00e9sultat. Ces particules d&rsquo;argent charg\u00e9es \u00e9lectriquement peuvent rester en suspension dans l&rsquo;eau sans qu&rsquo;il soit n\u00e9cessaire d&rsquo;utiliser des stabilisateurs artificiels ou d&rsquo;autres additifs.   <\/p>\n","protected":false},"excerpt":{"rendered":"<p>Protectrice et purifiante.<\/p>\n","protected":false},"featured_media":45535,"comment_status":"open","ping_status":"closed","template":"","meta":{"_acf_changed":false},"product_brand":[],"product_cat":[6145,4885,4972,4755,5796],"product_tag":[],"class_list":{"0":"post-45576","1":"product","2":"type-product","3":"status-publish","4":"has-post-thumbnail","6":"product_cat-nos-marques-hfl-laboratories","7":"product_cat-hfl-labo-soins-pieds","8":"product_cat-nos-marques","9":"product_cat-pedicure","10":"product_cat-soins-pieds-marque","12":"first","13":"instock","14":"taxable","15":"shipping-taxable","16":"product-type-simple"},"acf":[],"_links":{"self":[{"href":"https:\/\/sundar.be\/fr\/wp-json\/wp\/v2\/product\/45576","targetHints":{"allow":["GET"]}}],"collection":[{"href":"https:\/\/sundar.be\/fr\/wp-json\/wp\/v2\/product"}],"about":[{"href":"https:\/\/sundar.be\/fr\/wp-json\/wp\/v2\/types\/product"}],"replies":[{"embeddable":true,"href":"https:\/\/sundar.be\/fr\/wp-json\/wp\/v2\/comments?post=45576"}],"wp:featuredmedia":[{"embeddable":true,"href":"https:\/\/sundar.be\/fr\/wp-json\/wp\/v2\/media\/45535"}],"wp:attachment":[{"href":"https:\/\/sundar.be\/fr\/wp-json\/wp\/v2\/media?parent=45576"}],"wp:term":[{"taxonomy":"product_brand","embeddable":true,"href":"https:\/\/sundar.be\/fr\/wp-json\/wp\/v2\/product_brand?post=45576"},{"taxonomy":"product_cat","embeddable":true,"href":"https:\/\/sundar.be\/fr\/wp-json\/wp\/v2\/product_cat?post=45576"},{"taxonomy":"product_tag","embeddable":true,"href":"https:\/\/sundar.be\/fr\/wp-json\/wp\/v2\/product_tag?post=45576"}],"curies":[{"name":"wp","href":"https:\/\/api.w.org\/{rel}","templated":true}]}}