{"id":45575,"date":"2024-11-29T11:49:34","date_gmt":"2024-11-29T10:49:34","guid":{"rendered":"https:\/\/sundar.be\/product\/hfl-sensafin-bodylotion-200ml\/"},"modified":"2025-11-26T13:14:15","modified_gmt":"2025-11-26T12:14:15","slug":"hfl-sensafin-bodylotion-200ml","status":"publish","type":"product","link":"https:\/\/sundar.be\/fr\/produit\/hfl-sensafin-bodylotion-200ml\/","title":{"rendered":"HFL Sensafin Bodylotion, 200ml"},"content":{"rendered":"<p>Cette bodylotion protectrice a \u00e9t\u00e9 sp\u00e9cialement d\u00e9velopp\u00e9e pour les peaux tr\u00e8s s\u00e8ches.<\/p>\n<p>La HFL Sensafin aide \u00e0 restaurer l\u2019\u00e9quilibre naturel de la peau en la prot\u00e9geant et l\u2019hydratant. Cette cr\u00e8me corporelle offre une protection optimale sans laisser de film gras, contribuant ainsi \u00e0 un soin intensif des peaux s\u00e8ches et ab\u00eem\u00e9es.  <\/p>\n<p>Gr\u00e2ce \u00e0 ses ingr\u00e9dients sp\u00e9cifiques, cette bodylotion est id\u00e9ale pour un usage quotidien, en apportant soin et protection \u00e0 la peau. La Sensafin Bodylotion convient \u00e0 tous les types de peau, ne contient pas de parfum et peut \u00eatre utilis\u00e9e quotidiennement. <\/p>\n","protected":false},"excerpt":{"rendered":"<p>Protection optimale des peaux d\u00e9shydrat\u00e9es et gerc\u00e9es.<\/p>\n","protected":false},"featured_media":45532,"comment_status":"open","ping_status":"closed","template":"","meta":{"_acf_changed":false},"product_brand":[],"product_cat":[6145,5800,4972,5673],"product_tag":[],"class_list":{"0":"post-45575","1":"product","2":"type-product","3":"status-publish","4":"has-post-thumbnail","6":"product_cat-nos-marques-hfl-laboratories","7":"product_cat-laits-corporels-cremes","8":"product_cat-nos-marques","9":"product_cat-soins-corps","11":"first","12":"instock","13":"taxable","14":"shipping-taxable","15":"product-type-simple"},"acf":[],"_links":{"self":[{"href":"https:\/\/sundar.be\/fr\/wp-json\/wp\/v2\/product\/45575","targetHints":{"allow":["GET"]}}],"collection":[{"href":"https:\/\/sundar.be\/fr\/wp-json\/wp\/v2\/product"}],"about":[{"href":"https:\/\/sundar.be\/fr\/wp-json\/wp\/v2\/types\/product"}],"replies":[{"embeddable":true,"href":"https:\/\/sundar.be\/fr\/wp-json\/wp\/v2\/comments?post=45575"}],"wp:featuredmedia":[{"embeddable":true,"href":"https:\/\/sundar.be\/fr\/wp-json\/wp\/v2\/media\/45532"}],"wp:attachment":[{"href":"https:\/\/sundar.be\/fr\/wp-json\/wp\/v2\/media?parent=45575"}],"wp:term":[{"taxonomy":"product_brand","embeddable":true,"href":"https:\/\/sundar.be\/fr\/wp-json\/wp\/v2\/product_brand?post=45575"},{"taxonomy":"product_cat","embeddable":true,"href":"https:\/\/sundar.be\/fr\/wp-json\/wp\/v2\/product_cat?post=45575"},{"taxonomy":"product_tag","embeddable":true,"href":"https:\/\/sundar.be\/fr\/wp-json\/wp\/v2\/product_tag?post=45575"}],"curies":[{"name":"wp","href":"https:\/\/api.w.org\/{rel}","templated":true}]}}