{"id":45573,"date":"2024-11-29T11:58:40","date_gmt":"2024-11-29T10:58:40","guid":{"rendered":"https:\/\/sundar.be\/product\/hfl-tanning-mousse-150ml\/"},"modified":"2025-11-26T13:13:24","modified_gmt":"2025-11-26T12:13:24","slug":"hfl-tanning-mousse-150ml","status":"publish","type":"product","link":"https:\/\/sundar.be\/fr\/produit\/hfl-tanning-mousse-150ml\/","title":{"rendered":"HFL Tanning Mousse, 150ml"},"content":{"rendered":"<p>La mousse bronzante HFL offre une teinte uniforme et \u00e9clatante en seulement quelques minutes.<br \/>Appliquez toujours cette mousse avec le gant applicateur <a href=\"https:\/\/sundar.be\/fr\/produit\/gant-de-bronzage-hfl\/\"><u>HFL Tanning Glove<\/u><\/a> pour un r\u00e9sultat homog\u00e8ne et parfait.  <\/p>\n<p>La mousse bronzante est id\u00e9ale pour le corps, notamment pour les jambes.<\/p>\n<p>Fini les jambes p\u00e2les pendant les premiers jours de l&rsquo;\u00e9t\u00e9 !<\/p>\n","protected":false},"excerpt":{"rendered":"<p>Une mousse bronzante facile \u00e0 utiliser pour une couleur uniforme et naturelle.<\/p>\n","protected":false},"featured_media":45726,"comment_status":"open","ping_status":"closed","template":"","meta":{"_acf_changed":false},"product_brand":[],"product_cat":[6145,4972,5673,5798],"product_tag":[],"class_list":{"0":"post-45573","1":"product","2":"type-product","3":"status-publish","4":"has-post-thumbnail","6":"product_cat-nos-marques-hfl-laboratories","7":"product_cat-nos-marques","8":"product_cat-soins-corps","9":"product_cat-tanning-fr","11":"first","12":"instock","13":"taxable","14":"shipping-taxable","15":"product-type-simple"},"acf":[],"_links":{"self":[{"href":"https:\/\/sundar.be\/fr\/wp-json\/wp\/v2\/product\/45573","targetHints":{"allow":["GET"]}}],"collection":[{"href":"https:\/\/sundar.be\/fr\/wp-json\/wp\/v2\/product"}],"about":[{"href":"https:\/\/sundar.be\/fr\/wp-json\/wp\/v2\/types\/product"}],"replies":[{"embeddable":true,"href":"https:\/\/sundar.be\/fr\/wp-json\/wp\/v2\/comments?post=45573"}],"wp:featuredmedia":[{"embeddable":true,"href":"https:\/\/sundar.be\/fr\/wp-json\/wp\/v2\/media\/45726"}],"wp:attachment":[{"href":"https:\/\/sundar.be\/fr\/wp-json\/wp\/v2\/media?parent=45573"}],"wp:term":[{"taxonomy":"product_brand","embeddable":true,"href":"https:\/\/sundar.be\/fr\/wp-json\/wp\/v2\/product_brand?post=45573"},{"taxonomy":"product_cat","embeddable":true,"href":"https:\/\/sundar.be\/fr\/wp-json\/wp\/v2\/product_cat?post=45573"},{"taxonomy":"product_tag","embeddable":true,"href":"https:\/\/sundar.be\/fr\/wp-json\/wp\/v2\/product_tag?post=45573"}],"curies":[{"name":"wp","href":"https:\/\/api.w.org\/{rel}","templated":true}]}}