{"id":45572,"date":"2024-11-29T12:02:38","date_gmt":"2024-11-29T11:02:38","guid":{"rendered":"https:\/\/sundar.be\/product\/hfl-magic-foot-deo-50-ml\/"},"modified":"2025-11-26T13:13:34","modified_gmt":"2025-11-26T12:13:34","slug":"hfl-magic-foot-deo-50-ml","status":"publish","type":"product","link":"https:\/\/sundar.be\/fr\/produit\/hfl-magic-foot-deo-50-ml\/","title":{"rendered":"HFL Magic Foot Deo, 50 ml"},"content":{"rendered":"<p>Un d\u00e9odorant pour les pieds ultra-fin, qui non seulement d\u00e9gage un parfum agr\u00e9able, mais prend \u00e9galement soin de la peau des pieds. Il procure une sensation de fra\u00eecheur et de douceur sur la peau. Le Magic Foot Deo laisse un l\u00e9ger film protecteur, offrant une action nourrissante durable.  <\/p>\n<p>Les agents adoucissants permettent aux pieds d\u2019avoir imm\u00e9diatement une apparence plus saine et une sensation de douceur apr\u00e8s l\u2019application. Id\u00e9al apr\u00e8s une journ\u00e9e \u00e0 la plage, un moment de bien-\u00eatre ou une s\u00e9ance de sport. <\/p>\n<p>\u00c9galement parfait pour terminer un soin cosm\u00e9tique des pieds.<\/p>\n","protected":false},"excerpt":{"rendered":"<p>Un d\u00e9odorant soignant et rafra\u00eechissant pour les pieds.<\/p>\n","protected":false},"featured_media":45554,"comment_status":"open","ping_status":"closed","template":"","meta":{"_acf_changed":false},"product_brand":[],"product_cat":[4997,6145,4885,4972,4755,5796,4996],"product_tag":[],"class_list":{"0":"post-45572","1":"product","2":"type-product","3":"status-publish","4":"has-post-thumbnail","6":"product_cat-anti-transpirants","7":"product_cat-nos-marques-hfl-laboratories","8":"product_cat-hfl-labo-soins-pieds","9":"product_cat-nos-marques","10":"product_cat-pedicure","11":"product_cat-soins-pieds-marque","12":"product_cat-soins-quotidiens-des-pieds","14":"first","15":"instock","16":"taxable","17":"shipping-taxable","18":"product-type-simple"},"acf":[],"_links":{"self":[{"href":"https:\/\/sundar.be\/fr\/wp-json\/wp\/v2\/product\/45572","targetHints":{"allow":["GET"]}}],"collection":[{"href":"https:\/\/sundar.be\/fr\/wp-json\/wp\/v2\/product"}],"about":[{"href":"https:\/\/sundar.be\/fr\/wp-json\/wp\/v2\/types\/product"}],"replies":[{"embeddable":true,"href":"https:\/\/sundar.be\/fr\/wp-json\/wp\/v2\/comments?post=45572"}],"wp:featuredmedia":[{"embeddable":true,"href":"https:\/\/sundar.be\/fr\/wp-json\/wp\/v2\/media\/45554"}],"wp:attachment":[{"href":"https:\/\/sundar.be\/fr\/wp-json\/wp\/v2\/media?parent=45572"}],"wp:term":[{"taxonomy":"product_brand","embeddable":true,"href":"https:\/\/sundar.be\/fr\/wp-json\/wp\/v2\/product_brand?post=45572"},{"taxonomy":"product_cat","embeddable":true,"href":"https:\/\/sundar.be\/fr\/wp-json\/wp\/v2\/product_cat?post=45572"},{"taxonomy":"product_tag","embeddable":true,"href":"https:\/\/sundar.be\/fr\/wp-json\/wp\/v2\/product_tag?post=45572"}],"curies":[{"name":"wp","href":"https:\/\/api.w.org\/{rel}","templated":true}]}}