{"id":45571,"date":"2024-11-29T11:55:27","date_gmt":"2024-11-29T10:55:27","guid":{"rendered":"https:\/\/sundar.be\/product\/hfl-tanning-cream-150-ml\/"},"modified":"2025-11-26T13:13:21","modified_gmt":"2025-11-26T12:13:21","slug":"hfl-tanning-cream-150-ml","status":"publish","type":"product","link":"https:\/\/sundar.be\/fr\/produit\/hfl-tanning-cream-150-ml\/","title":{"rendered":"HFL Tanning Cream, 150 ml"},"content":{"rendered":"<p>La cr\u00e8me bronzante HFL offre une teinte uniforme et \u00e9clatante en seulement quelques minutes.<br \/>Appliquez toujours cette mousse avec le gant applicateur <span style=\"text-decoration: underline;\"><a href=\"https:\/\/sundar.be\/fr\/produit\/gant-de-bronzage-hfl\/\">HFL Tanning Glove<\/a><\/span> pour un r\u00e9sultat homog\u00e8ne et parfait.  <\/p>\n<p>La cr\u00e8me bronzante est id\u00e9ale pour le corps, notamment pour les jambes. Fini les jambes p\u00e2les lors des premiers jours d\u2019\u00e9t\u00e9 ! <\/p>\n<p>La cr\u00e8me ne contient ni parfum ni huiles pouvant provoquer des allergies. Id\u00e9ale pour les peaux extra sensibles. <\/p>\n","protected":false},"excerpt":{"rendered":"<p>Une cr\u00e8me bronzante neutre pour une belle couleur naturelle.<\/p>\n","protected":false},"featured_media":45728,"comment_status":"open","ping_status":"closed","template":"","meta":{"_acf_changed":false},"product_brand":[],"product_cat":[6145,4972,5673,5798],"product_tag":[],"class_list":{"0":"post-45571","1":"product","2":"type-product","3":"status-publish","4":"has-post-thumbnail","6":"product_cat-nos-marques-hfl-laboratories","7":"product_cat-nos-marques","8":"product_cat-soins-corps","9":"product_cat-tanning-fr","11":"first","12":"instock","13":"taxable","14":"shipping-taxable","15":"product-type-simple"},"acf":[],"_links":{"self":[{"href":"https:\/\/sundar.be\/fr\/wp-json\/wp\/v2\/product\/45571","targetHints":{"allow":["GET"]}}],"collection":[{"href":"https:\/\/sundar.be\/fr\/wp-json\/wp\/v2\/product"}],"about":[{"href":"https:\/\/sundar.be\/fr\/wp-json\/wp\/v2\/types\/product"}],"replies":[{"embeddable":true,"href":"https:\/\/sundar.be\/fr\/wp-json\/wp\/v2\/comments?post=45571"}],"wp:featuredmedia":[{"embeddable":true,"href":"https:\/\/sundar.be\/fr\/wp-json\/wp\/v2\/media\/45728"}],"wp:attachment":[{"href":"https:\/\/sundar.be\/fr\/wp-json\/wp\/v2\/media?parent=45571"}],"wp:term":[{"taxonomy":"product_brand","embeddable":true,"href":"https:\/\/sundar.be\/fr\/wp-json\/wp\/v2\/product_brand?post=45571"},{"taxonomy":"product_cat","embeddable":true,"href":"https:\/\/sundar.be\/fr\/wp-json\/wp\/v2\/product_cat?post=45571"},{"taxonomy":"product_tag","embeddable":true,"href":"https:\/\/sundar.be\/fr\/wp-json\/wp\/v2\/product_tag?post=45571"}],"curies":[{"name":"wp","href":"https:\/\/api.w.org\/{rel}","templated":true}]}}