{"id":45570,"date":"2024-11-29T11:52:46","date_gmt":"2024-11-29T10:52:46","guid":{"rendered":"https:\/\/sundar.be\/product\/gant-de-bronzage-hfl\/"},"modified":"2025-11-26T13:14:05","modified_gmt":"2025-11-26T12:14:05","slug":"gant-de-bronzage-hfl","status":"publish","type":"product","link":"https:\/\/sundar.be\/fr\/produit\/gant-de-bronzage-hfl\/","title":{"rendered":"Gant de bronzage HFL"},"content":{"rendered":"<p>Un gant tr\u00e8s fin et doux pour l&rsquo;application de la Mousse bronzante HFL ou de la Cr\u00e8me bronzante HFL. Pour de meilleurs r\u00e9sultats avec ces produits (hors spray), utilisez le gant de bronzage HFL. <\/p>\n","protected":false},"excerpt":{"rendered":"<p>Un gant tr\u00e8s fin et doux pour l&rsquo;application de la Mousse bronzante HFL ou de la Cr\u00e8me bronzante HFL. Pour de meilleurs r\u00e9sultats avec ces produits (hors spray), utilisez le gant de bronzage HFL.<\/p>\n","protected":false},"featured_media":45730,"comment_status":"open","ping_status":"closed","template":"","meta":{"_acf_changed":false},"product_brand":[],"product_cat":[6145,4972,5673,5798],"product_tag":[],"class_list":{"0":"post-45570","1":"product","2":"type-product","3":"status-publish","4":"has-post-thumbnail","6":"product_cat-nos-marques-hfl-laboratories","7":"product_cat-nos-marques","8":"product_cat-soins-corps","9":"product_cat-tanning-fr","11":"first","12":"instock","13":"taxable","14":"shipping-taxable","15":"product-type-simple"},"acf":[],"_links":{"self":[{"href":"https:\/\/sundar.be\/fr\/wp-json\/wp\/v2\/product\/45570","targetHints":{"allow":["GET"]}}],"collection":[{"href":"https:\/\/sundar.be\/fr\/wp-json\/wp\/v2\/product"}],"about":[{"href":"https:\/\/sundar.be\/fr\/wp-json\/wp\/v2\/types\/product"}],"replies":[{"embeddable":true,"href":"https:\/\/sundar.be\/fr\/wp-json\/wp\/v2\/comments?post=45570"}],"wp:featuredmedia":[{"embeddable":true,"href":"https:\/\/sundar.be\/fr\/wp-json\/wp\/v2\/media\/45730"}],"wp:attachment":[{"href":"https:\/\/sundar.be\/fr\/wp-json\/wp\/v2\/media?parent=45570"}],"wp:term":[{"taxonomy":"product_brand","embeddable":true,"href":"https:\/\/sundar.be\/fr\/wp-json\/wp\/v2\/product_brand?post=45570"},{"taxonomy":"product_cat","embeddable":true,"href":"https:\/\/sundar.be\/fr\/wp-json\/wp\/v2\/product_cat?post=45570"},{"taxonomy":"product_tag","embeddable":true,"href":"https:\/\/sundar.be\/fr\/wp-json\/wp\/v2\/product_tag?post=45570"}],"curies":[{"name":"wp","href":"https:\/\/api.w.org\/{rel}","templated":true}]}}