{"id":45569,"date":"2024-11-29T11:59:00","date_gmt":"2024-11-29T10:59:00","guid":{"rendered":"https:\/\/sundar.be\/product\/hfl-tanning-spray-150ml\/"},"modified":"2025-11-26T13:13:28","modified_gmt":"2025-11-26T12:13:28","slug":"hfl-tanning-spray-150ml","status":"publish","type":"product","link":"https:\/\/sundar.be\/fr\/produit\/hfl-tanning-spray-150ml\/","title":{"rendered":"HFL Tanning Spray, 150ml"},"content":{"rendered":"<p>Le spray bronzant HFL offre une teinte uniforme et \u00e9clatante en seulement quelques minutes. Lorsqu\u2019il est appliqu\u00e9 correctement, la micro-brume permet une r\u00e9partition homog\u00e8ne du produit sur la peau, assurant un r\u00e9sultat parfaitement uniforme. <\/p>\n<p>Le spray bronzant est id\u00e9al pour une application sur le visage et le cou.<\/p>\n<p>Vous n\u2019\u00eates pas fan de maquillage ? Alors, voici une alternative id\u00e9ale pour un teint \u00e9clatant et naturel! <\/p>\n","protected":false},"excerpt":{"rendered":"<p>Un spray de bronzage \u00e0 micro-brouillard pour une belle couleur naturelle.<\/p>\n","protected":false},"featured_media":45724,"comment_status":"open","ping_status":"closed","template":"","meta":{"_acf_changed":false},"product_brand":[],"product_cat":[6145,4972,5673,5798],"product_tag":[],"class_list":{"0":"post-45569","1":"product","2":"type-product","3":"status-publish","4":"has-post-thumbnail","6":"product_cat-nos-marques-hfl-laboratories","7":"product_cat-nos-marques","8":"product_cat-soins-corps","9":"product_cat-tanning-fr","11":"first","12":"instock","13":"taxable","14":"shipping-taxable","15":"product-type-simple"},"acf":[],"_links":{"self":[{"href":"https:\/\/sundar.be\/fr\/wp-json\/wp\/v2\/product\/45569","targetHints":{"allow":["GET"]}}],"collection":[{"href":"https:\/\/sundar.be\/fr\/wp-json\/wp\/v2\/product"}],"about":[{"href":"https:\/\/sundar.be\/fr\/wp-json\/wp\/v2\/types\/product"}],"replies":[{"embeddable":true,"href":"https:\/\/sundar.be\/fr\/wp-json\/wp\/v2\/comments?post=45569"}],"wp:featuredmedia":[{"embeddable":true,"href":"https:\/\/sundar.be\/fr\/wp-json\/wp\/v2\/media\/45724"}],"wp:attachment":[{"href":"https:\/\/sundar.be\/fr\/wp-json\/wp\/v2\/media?parent=45569"}],"wp:term":[{"taxonomy":"product_brand","embeddable":true,"href":"https:\/\/sundar.be\/fr\/wp-json\/wp\/v2\/product_brand?post=45569"},{"taxonomy":"product_cat","embeddable":true,"href":"https:\/\/sundar.be\/fr\/wp-json\/wp\/v2\/product_cat?post=45569"},{"taxonomy":"product_tag","embeddable":true,"href":"https:\/\/sundar.be\/fr\/wp-json\/wp\/v2\/product_tag?post=45569"}],"curies":[{"name":"wp","href":"https:\/\/api.w.org\/{rel}","templated":true}]}}