{"id":45566,"date":"2024-11-29T12:02:17","date_gmt":"2024-11-29T11:02:17","guid":{"rendered":"https:\/\/sundar.be\/product\/hfl-solution-spray-50-ml\/"},"modified":"2025-11-26T13:13:31","modified_gmt":"2025-11-26T12:13:31","slug":"hfl-solution-spray-50-ml","status":"publish","type":"product","link":"https:\/\/sundar.be\/fr\/produit\/hfl-solution-spray-50-ml\/","title":{"rendered":"HFL Solution Spray, 50 ml"},"content":{"rendered":"<p>Peut \u00eatre utilis\u00e9 sur des ongles cassants et d\u00e9color\u00e9s.<\/p>\n<p>Le Solution Spray brevet\u00e9 de HFL Laboratories est le produit id\u00e9al pour le soin cosm\u00e9tique des ongles atteints de mycose, souvent d\u00e9color\u00e9s ou fragiles. Le Solution Spray contribue \u00e0 un ongle d&rsquo;apparence plus saine, tout en soutenant et prot\u00e9geant pour une r\u00e9cup\u00e9ration optimale de l\u2019ongle. <\/p>\n<p>La spray peut \u00e9galement \u00eatre utilis\u00e9e sur la peau. Par exemple, lorsque les pieds ou la peau n&rsquo;ont pas \u00e9t\u00e9 correctement s\u00e9ch\u00e9s apr\u00e8s la douche ou la baignade, ce qui peut entra\u00eener des rougeurs et une sensibilit\u00e9 cutan\u00e9e. La spray nettoie efficacement la peau et les ongles.  <\/p>\n<p>Le Solution Spray peut \u00eatre utilis\u00e9 dans les chaussures et en pr\u00e9vention, notamment lorsque vous marchez pieds nus dans un espace public.<\/p>\n","protected":false},"excerpt":{"rendered":"<p>Le produit \u00e0 utiliser pour les ongles mycoses.<\/p>\n","protected":false},"featured_media":45550,"comment_status":"open","ping_status":"closed","template":"","meta":{"_acf_changed":false},"product_brand":[],"product_cat":[6145,4885,5006,4972,4755,4999,5796],"product_tag":[],"class_list":{"0":"post-45566","1":"product","2":"type-product","3":"status-publish","4":"has-post-thumbnail","6":"product_cat-nos-marques-hfl-laboratories","7":"product_cat-hfl-labo-soins-pieds","8":"product_cat-mycose-du-pied-ongles","9":"product_cat-nos-marques","10":"product_cat-pedicure","11":"product_cat-soins-specifique-pieds","12":"product_cat-soins-pieds-marque","14":"first","15":"instock","16":"taxable","17":"shipping-taxable","18":"product-type-simple"},"acf":[],"_links":{"self":[{"href":"https:\/\/sundar.be\/fr\/wp-json\/wp\/v2\/product\/45566","targetHints":{"allow":["GET"]}}],"collection":[{"href":"https:\/\/sundar.be\/fr\/wp-json\/wp\/v2\/product"}],"about":[{"href":"https:\/\/sundar.be\/fr\/wp-json\/wp\/v2\/types\/product"}],"replies":[{"embeddable":true,"href":"https:\/\/sundar.be\/fr\/wp-json\/wp\/v2\/comments?post=45566"}],"wp:featuredmedia":[{"embeddable":true,"href":"https:\/\/sundar.be\/fr\/wp-json\/wp\/v2\/media\/45550"}],"wp:attachment":[{"href":"https:\/\/sundar.be\/fr\/wp-json\/wp\/v2\/media?parent=45566"}],"wp:term":[{"taxonomy":"product_brand","embeddable":true,"href":"https:\/\/sundar.be\/fr\/wp-json\/wp\/v2\/product_brand?post=45566"},{"taxonomy":"product_cat","embeddable":true,"href":"https:\/\/sundar.be\/fr\/wp-json\/wp\/v2\/product_cat?post=45566"},{"taxonomy":"product_tag","embeddable":true,"href":"https:\/\/sundar.be\/fr\/wp-json\/wp\/v2\/product_tag?post=45566"}],"curies":[{"name":"wp","href":"https:\/\/api.w.org\/{rel}","templated":true}]}}