{"id":45488,"date":"2024-11-29T11:01:47","date_gmt":"2024-11-29T10:01:47","guid":{"rendered":"https:\/\/sundar.be\/product\/hfl-fresh-gel-250-ml\/"},"modified":"2025-11-26T13:33:47","modified_gmt":"2025-11-26T12:33:47","slug":"hfl-fresh-gel-250-ml","status":"publish","type":"product","link":"https:\/\/sundar.be\/fr\/produit\/hfl-fresh-gel-250-ml\/","title":{"rendered":"HFL Fresh Gel"},"content":{"rendered":"<p>Le Fresh Gel favorise la circulation sanguine. Une bonne circulation permet d&rsquo;apporter de l&rsquo;oxyg\u00e8ne aux muscles et aux articulations tout en \u00e9liminant les d\u00e9chets. Une meilleure circulation peut procurer une sensation de soulagement de la douleur. Le Fresh Gel contribue \u00e9galement au maintien d&rsquo;une paroi vasculaire forte et \u00e0 des articulations plus souples.   <\/p>\n<p>Le Fresh Gel peut \u00eatre utilis\u00e9 lors du port de bas \u00e9lastiques !<\/p>\n<p>Contient Camphre, Hamamelis et Arnica Montana.<\/p>\n","protected":false},"excerpt":{"rendered":"<p>Favorise la circulation et prend soin des muscles et des articulations.<\/p>\n","protected":false},"featured_media":45485,"comment_status":"open","ping_status":"closed","template":"","meta":{"_acf_changed":false},"product_brand":[],"product_cat":[4998,5054,6145,4885,5004,4972,4755,4999,5796,4996],"product_tag":[],"class_list":{"0":"post-45488","1":"product","2":"type-product","3":"status-publish","4":"has-post-thumbnail","6":"product_cat-cremes-lotions-pieds","7":"product_cat-cremes-diabetiques","8":"product_cat-nos-marques-hfl-laboratories","9":"product_cat-hfl-labo-soins-pieds","10":"product_cat-ideal-pour-les-sportifs","11":"product_cat-nos-marques","12":"product_cat-pedicure","13":"product_cat-soins-specifique-pieds","14":"product_cat-soins-pieds-marque","15":"product_cat-soins-quotidiens-des-pieds","16":"pa_inhoud-250-ml-fr","17":"pa_inhoud-450ml-fr","19":"first","20":"instock","21":"taxable","22":"shipping-taxable","23":"product-type-variable"},"acf":[],"_links":{"self":[{"href":"https:\/\/sundar.be\/fr\/wp-json\/wp\/v2\/product\/45488","targetHints":{"allow":["GET"]}}],"collection":[{"href":"https:\/\/sundar.be\/fr\/wp-json\/wp\/v2\/product"}],"about":[{"href":"https:\/\/sundar.be\/fr\/wp-json\/wp\/v2\/types\/product"}],"replies":[{"embeddable":true,"href":"https:\/\/sundar.be\/fr\/wp-json\/wp\/v2\/comments?post=45488"}],"wp:featuredmedia":[{"embeddable":true,"href":"https:\/\/sundar.be\/fr\/wp-json\/wp\/v2\/media\/45485"}],"wp:attachment":[{"href":"https:\/\/sundar.be\/fr\/wp-json\/wp\/v2\/media?parent=45488"}],"wp:term":[{"taxonomy":"product_brand","embeddable":true,"href":"https:\/\/sundar.be\/fr\/wp-json\/wp\/v2\/product_brand?post=45488"},{"taxonomy":"product_cat","embeddable":true,"href":"https:\/\/sundar.be\/fr\/wp-json\/wp\/v2\/product_cat?post=45488"},{"taxonomy":"product_tag","embeddable":true,"href":"https:\/\/sundar.be\/fr\/wp-json\/wp\/v2\/product_tag?post=45488"}],"curies":[{"name":"wp","href":"https:\/\/api.w.org\/{rel}","templated":true}]}}