{"id":45474,"date":"2024-11-29T10:43:48","date_gmt":"2024-11-29T09:43:48","guid":{"rendered":"https:\/\/sundar.be\/product\/hfl-dermoleen-creme\/"},"modified":"2025-11-26T13:33:39","modified_gmt":"2025-11-26T12:33:39","slug":"hfl-dermoleen-creme","status":"publish","type":"product","link":"https:\/\/sundar.be\/fr\/produit\/hfl-dermoleen-creme\/","title":{"rendered":"HFL Dermoleen cr\u00e8me"},"content":{"rendered":"<p>Cette cr\u00e8me nourrissante offre un soin agr\u00e9able et efficace pour les peaux s\u00e8ches ou ab\u00eem\u00e9es, car elle soutient l&rsquo;hydratation naturelle de la peau. La Dermoleen Cream contient de l&rsquo;ur\u00e9e.  <\/p>\n<p>La cr\u00e8me est id\u00e9ale pour une utilisation sur tout le corps.<br \/>\nSi vous avez une peau s\u00e8che, rugueuse, rouge ou sensible, vous pouvez parfaitement associer ce produit avec un deuxi\u00e8me soin de HFL Laboratories : Roselan Balm.<\/p>\n","protected":false},"excerpt":{"rendered":"<p>Hydratation optimale des peaux s\u00e8ches.<\/p>\n","protected":false},"featured_media":45731,"comment_status":"open","ping_status":"closed","template":"","meta":{"_acf_changed":false},"product_brand":[],"product_cat":[5000,4998,5054,6145,4885,4972,4755,4999,5796,4996],"product_tag":[],"class_list":{"0":"post-45474","1":"product","2":"type-product","3":"status-publish","4":"has-post-thumbnail","6":"product_cat-callosites-crevasses","7":"product_cat-cremes-lotions-pieds","8":"product_cat-cremes-diabetiques","9":"product_cat-nos-marques-hfl-laboratories","10":"product_cat-hfl-labo-soins-pieds","11":"product_cat-nos-marques","12":"product_cat-pedicure","13":"product_cat-soins-specifique-pieds","14":"product_cat-soins-pieds-marque","15":"product_cat-soins-quotidiens-des-pieds","16":"pa_inhoud-125ml-fr","17":"pa_inhoud-450ml-fr","18":"pa_inhoud-flyers-50-pcs","19":"pa_inhoud-testeur","21":"first","22":"instock","23":"taxable","24":"shipping-taxable","25":"product-type-variable"},"acf":[],"_links":{"self":[{"href":"https:\/\/sundar.be\/fr\/wp-json\/wp\/v2\/product\/45474","targetHints":{"allow":["GET"]}}],"collection":[{"href":"https:\/\/sundar.be\/fr\/wp-json\/wp\/v2\/product"}],"about":[{"href":"https:\/\/sundar.be\/fr\/wp-json\/wp\/v2\/types\/product"}],"replies":[{"embeddable":true,"href":"https:\/\/sundar.be\/fr\/wp-json\/wp\/v2\/comments?post=45474"}],"wp:featuredmedia":[{"embeddable":true,"href":"https:\/\/sundar.be\/fr\/wp-json\/wp\/v2\/media\/45731"}],"wp:attachment":[{"href":"https:\/\/sundar.be\/fr\/wp-json\/wp\/v2\/media?parent=45474"}],"wp:term":[{"taxonomy":"product_brand","embeddable":true,"href":"https:\/\/sundar.be\/fr\/wp-json\/wp\/v2\/product_brand?post=45474"},{"taxonomy":"product_cat","embeddable":true,"href":"https:\/\/sundar.be\/fr\/wp-json\/wp\/v2\/product_cat?post=45474"},{"taxonomy":"product_tag","embeddable":true,"href":"https:\/\/sundar.be\/fr\/wp-json\/wp\/v2\/product_tag?post=45474"}],"curies":[{"name":"wp","href":"https:\/\/api.w.org\/{rel}","templated":true}]}}