{"id":45449,"date":"2024-11-29T09:28:14","date_gmt":"2024-11-29T08:28:14","guid":{"rendered":"https:\/\/sundar.be\/product\/hfl-dermasecret-night\/"},"modified":"2025-11-26T13:33:42","modified_gmt":"2025-11-26T12:33:42","slug":"hfl-dermasecret-night","status":"publish","type":"product","link":"https:\/\/sundar.be\/fr\/produit\/hfl-dermasecret-night\/","title":{"rendered":"HFL Dermasecret Night"},"content":{"rendered":"<p>DermaSecret Night est une cr\u00e8me tr\u00e8s adapt\u00e9e aux peaux mixtes ou m\u00eame grasses. Elle permet \u00e0 la peau de se d\u00e9graisser, tout en \u00e9tant nourrie pendant la nuit. <\/p>\n<p>Une peau mixte ou grasse est souvent le r\u00e9sultat d&rsquo;une production excessive de s\u00e9bum. Une peau grasse du visage peut \u00eatre tr\u00e8s g\u00eanante, surtout lorsqu&rsquo;elle se manifeste par des boutons, des points noirs ou un visage brillant. <\/p>\n<p>Elle nettoie la peau gr\u00e2ce \u00e0 ses composants de zinc et p\u00e9n\u00e8tre profond\u00e9ment jusqu&rsquo;\u00e0 la membrane de la peau. Convient aux peaux grasses ou mixtes. <\/p>\n","protected":false},"excerpt":{"rendered":"<p>Cr\u00e8me de nuit d\u00e9graissante et nourrissante.<\/p>\n","protected":false},"featured_media":45441,"comment_status":"open","ping_status":"closed","template":"","meta":{"_acf_changed":false},"product_brand":[],"product_cat":[4767,6145,5723,5721,4972],"product_tag":[],"class_list":{"0":"post-45449","1":"product","2":"type-product","3":"status-publish","4":"has-post-thumbnail","6":"product_cat-beaute","7":"product_cat-nos-marques-hfl-laboratories","8":"product_cat-hfl-laboratories-beauty-fr","9":"product_cat-lignes-soins-marque","10":"product_cat-nos-marques","11":"pa_inhoud-50-ml-fr","12":"pa_inhoud-flyers-50-pcs","13":"pa_inhoud-testeur","15":"first","16":"instock","17":"taxable","18":"shipping-taxable","19":"product-type-variable"},"acf":[],"_links":{"self":[{"href":"https:\/\/sundar.be\/fr\/wp-json\/wp\/v2\/product\/45449","targetHints":{"allow":["GET"]}}],"collection":[{"href":"https:\/\/sundar.be\/fr\/wp-json\/wp\/v2\/product"}],"about":[{"href":"https:\/\/sundar.be\/fr\/wp-json\/wp\/v2\/types\/product"}],"replies":[{"embeddable":true,"href":"https:\/\/sundar.be\/fr\/wp-json\/wp\/v2\/comments?post=45449"}],"wp:featuredmedia":[{"embeddable":true,"href":"https:\/\/sundar.be\/fr\/wp-json\/wp\/v2\/media\/45441"}],"wp:attachment":[{"href":"https:\/\/sundar.be\/fr\/wp-json\/wp\/v2\/media?parent=45449"}],"wp:term":[{"taxonomy":"product_brand","embeddable":true,"href":"https:\/\/sundar.be\/fr\/wp-json\/wp\/v2\/product_brand?post=45449"},{"taxonomy":"product_cat","embeddable":true,"href":"https:\/\/sundar.be\/fr\/wp-json\/wp\/v2\/product_cat?post=45449"},{"taxonomy":"product_tag","embeddable":true,"href":"https:\/\/sundar.be\/fr\/wp-json\/wp\/v2\/product_tag?post=45449"}],"curies":[{"name":"wp","href":"https:\/\/api.w.org\/{rel}","templated":true}]}}