{"id":45432,"date":"2024-11-29T09:09:43","date_gmt":"2024-11-29T08:09:43","guid":{"rendered":"https:\/\/sundar.be\/product\/hfl-dermasecret-day\/"},"modified":"2025-11-26T13:33:44","modified_gmt":"2025-11-26T12:33:44","slug":"hfl-dermasecret-day","status":"publish","type":"product","link":"https:\/\/sundar.be\/fr\/produit\/hfl-dermasecret-day\/","title":{"rendered":"HFL Dermasecret Day"},"content":{"rendered":"<p>DermaSecret Day est une cr\u00e8me d\u00e9licate con\u00e7ue pour les peaux sensibles. Cette cr\u00e8me de jour aide \u00e0 pr\u00e9venir le vieillissement pr\u00e9matur\u00e9 de la peau, gr\u00e2ce \u00e0 l&rsquo;utilisation de venin de serpent clinique et de prot\u00e9ines relaxantes pour les muscles. <\/p>\n<p>DermaSecret Day renforce la structure de la peau en am\u00e9liorant son \u00e9lasticit\u00e9 et rend la peau lisse gr\u00e2ce \u00e0 l&rsquo;activation de l&rsquo;action des muscles. C&rsquo;est une excellente cr\u00e8me de jour nourrissante. <\/p>\n","protected":false},"excerpt":{"rendered":"<p>Cr\u00e8me d\u00e9licate pour le visage avec SYN<sup>\u00ae<\/sup>-AKE. Pr\u00e9vient le vieillissement pr\u00e9matur\u00e9 de la peau. <\/p>\n","protected":false},"featured_media":45425,"comment_status":"open","ping_status":"closed","template":"","meta":{"_acf_changed":false},"product_brand":[],"product_cat":[4767,6145,5723,5721,4972],"product_tag":[],"class_list":{"0":"post-45432","1":"product","2":"type-product","3":"status-publish","4":"has-post-thumbnail","6":"product_cat-beaute","7":"product_cat-nos-marques-hfl-laboratories","8":"product_cat-hfl-laboratories-beauty-fr","9":"product_cat-lignes-soins-marque","10":"product_cat-nos-marques","11":"pa_inhoud-50-ml-fr","12":"pa_inhoud-flyers-50-pcs","13":"pa_inhoud-testeur","15":"first","16":"instock","17":"taxable","18":"shipping-taxable","19":"product-type-variable"},"acf":[],"_links":{"self":[{"href":"https:\/\/sundar.be\/fr\/wp-json\/wp\/v2\/product\/45432","targetHints":{"allow":["GET"]}}],"collection":[{"href":"https:\/\/sundar.be\/fr\/wp-json\/wp\/v2\/product"}],"about":[{"href":"https:\/\/sundar.be\/fr\/wp-json\/wp\/v2\/types\/product"}],"replies":[{"embeddable":true,"href":"https:\/\/sundar.be\/fr\/wp-json\/wp\/v2\/comments?post=45432"}],"wp:featuredmedia":[{"embeddable":true,"href":"https:\/\/sundar.be\/fr\/wp-json\/wp\/v2\/media\/45425"}],"wp:attachment":[{"href":"https:\/\/sundar.be\/fr\/wp-json\/wp\/v2\/media?parent=45432"}],"wp:term":[{"taxonomy":"product_brand","embeddable":true,"href":"https:\/\/sundar.be\/fr\/wp-json\/wp\/v2\/product_brand?post=45432"},{"taxonomy":"product_cat","embeddable":true,"href":"https:\/\/sundar.be\/fr\/wp-json\/wp\/v2\/product_cat?post=45432"},{"taxonomy":"product_tag","embeddable":true,"href":"https:\/\/sundar.be\/fr\/wp-json\/wp\/v2\/product_tag?post=45432"}],"curies":[{"name":"wp","href":"https:\/\/api.w.org\/{rel}","templated":true}]}}