{"id":45431,"date":"2024-11-29T09:01:34","date_gmt":"2024-11-29T08:01:34","guid":{"rendered":"https:\/\/sundar.be\/product\/hfl-bodygel-500-ml\/"},"modified":"2025-11-26T13:33:47","modified_gmt":"2025-11-26T12:33:47","slug":"hfl-bodygel-500-ml","status":"publish","type":"product","link":"https:\/\/sundar.be\/fr\/produit\/hfl-bodygel-500-ml\/","title":{"rendered":"HFL Bodygel, 500 ml"},"content":{"rendered":"<p>Ce gel douche nourrissant a \u00e9t\u00e9 sp\u00e9cialement con\u00e7u pour nettoyer la peau sensible de mani\u00e8re naturelle et non agressive. Sa formule pH neutre soutient la fonction protectrice de la peau contre les bact\u00e9ries, les champignons et les agressions ext\u00e9rieures, sans provoquer d&rsquo;irritation. <\/p>\n<p>Le Bodygel est un v\u00e9ritable bienfait pour les peaux sensibles et d\u00e9shydrat\u00e9es. Gr\u00e2ce \u00e0 ses substances actives et ses ingr\u00e9dients naturels, le gel douche offre un soin apaisant et efficace pour la peau. <\/p>\n<p>Le HFL Bodygel est la meilleure base pour un soin optimal de la peau, et il s&rsquo;int\u00e8gre parfaitement avec les cr\u00e8mes, lotions ou pommades que l&rsquo;on applique ensuite.<\/p>\n<p>Le HFL Bodygel peut \u00e9galement \u00eatre utilis\u00e9 pour laver les cheveux en cas de cuir chevelu sensible ou de pellicules dans les cheveux.<\/p>\n","protected":false},"excerpt":{"rendered":"<p>Un gel lavant qui respecte les peaux s\u00e8ches ou sensibles, la base importante.<\/p>\n","protected":false},"featured_media":45420,"comment_status":"open","ping_status":"closed","template":"","meta":{"_acf_changed":false},"product_brand":[],"product_cat":[6145,5800,4972,5673],"product_tag":[],"class_list":{"0":"post-45431","1":"product","2":"type-product","3":"status-publish","4":"has-post-thumbnail","6":"product_cat-nos-marques-hfl-laboratories","7":"product_cat-laits-corporels-cremes","8":"product_cat-nos-marques","9":"product_cat-soins-corps","11":"first","12":"instock","13":"taxable","14":"shipping-taxable","15":"product-type-simple"},"acf":[],"_links":{"self":[{"href":"https:\/\/sundar.be\/fr\/wp-json\/wp\/v2\/product\/45431","targetHints":{"allow":["GET"]}}],"collection":[{"href":"https:\/\/sundar.be\/fr\/wp-json\/wp\/v2\/product"}],"about":[{"href":"https:\/\/sundar.be\/fr\/wp-json\/wp\/v2\/types\/product"}],"replies":[{"embeddable":true,"href":"https:\/\/sundar.be\/fr\/wp-json\/wp\/v2\/comments?post=45431"}],"wp:featuredmedia":[{"embeddable":true,"href":"https:\/\/sundar.be\/fr\/wp-json\/wp\/v2\/media\/45420"}],"wp:attachment":[{"href":"https:\/\/sundar.be\/fr\/wp-json\/wp\/v2\/media?parent=45431"}],"wp:term":[{"taxonomy":"product_brand","embeddable":true,"href":"https:\/\/sundar.be\/fr\/wp-json\/wp\/v2\/product_brand?post=45431"},{"taxonomy":"product_cat","embeddable":true,"href":"https:\/\/sundar.be\/fr\/wp-json\/wp\/v2\/product_cat?post=45431"},{"taxonomy":"product_tag","embeddable":true,"href":"https:\/\/sundar.be\/fr\/wp-json\/wp\/v2\/product_tag?post=45431"}],"curies":[{"name":"wp","href":"https:\/\/api.w.org\/{rel}","templated":true}]}}