{"id":45414,"date":"2024-11-28T11:33:13","date_gmt":"2024-11-28T10:33:13","guid":{"rendered":"https:\/\/sundar.be\/product\/cb-dadi-lotion-94g\/"},"modified":"2025-12-16T09:22:11","modified_gmt":"2025-12-16T08:22:11","slug":"cb-dadi-lotion-94g","status":"publish","type":"product","link":"https:\/\/sundar.be\/fr\/produit\/cb-dadi-lotion-94g\/","title":{"rendered":"CB-Dadi&rsquo; Lotion, 94g"},"content":{"rendered":"<p data-start=\"54\" data-end=\"297\"><span style=\"color: #557e96;\"><strong>CB-Dadi\u2019 Lotion<\/strong><\/span> est une lotion de soin multifonctionnelle pour la peau, le corps et les ongles. Sa formule l\u00e9g\u00e8re mais nourrissante hydrate intens\u00e9ment, soutient la barri\u00e8re cutan\u00e9e naturelle et laisse la peau souple, douce et confortable. <\/p>\n<p data-start=\"299\" data-end=\"603\">Gr\u00e2ce \u00e0 la combinaison d\u2019huiles v\u00e9g\u00e9tales, d\u2019agents hydratants et d\u2019huile de graines de chanvre, cette lotion est id\u00e9ale pour un usage quotidien et pour les soins professionnels. Elle p\u00e9n\u00e8tre rapidement sans laisser de r\u00e9sidu gras et constitue une parfaite touche finale apr\u00e8s les soins de manucure, de p\u00e9dicure et du corps. <\/p>\n","protected":false},"excerpt":{"rendered":"<p data-start=\"638\" data-end=\"788\">Une lotion multifonctionnelle qui hydrate et soigne la peau, le corps et les ongles. P\u00e9n\u00e8tre rapidement et laisse une sensation de peau soyeuse et confortable. <\/p>\n","protected":false},"featured_media":45635,"comment_status":"open","ping_status":"closed","template":"","meta":{"_acf_changed":false},"product_brand":[],"product_cat":[4969,4870,4761,2772],"product_tag":[],"class_list":{"0":"post-45414","1":"product","2":"type-product","3":"status-publish","4":"has-post-thumbnail","6":"product_cat-cremes-lotions-mains","7":"product_cat-dadi-oil-fr","8":"product_cat-pose-ongles","9":"product_cat-manucure-soin-mains","11":"first","12":"instock","13":"taxable","14":"shipping-taxable","15":"product-type-simple"},"acf":[],"_links":{"self":[{"href":"https:\/\/sundar.be\/fr\/wp-json\/wp\/v2\/product\/45414","targetHints":{"allow":["GET"]}}],"collection":[{"href":"https:\/\/sundar.be\/fr\/wp-json\/wp\/v2\/product"}],"about":[{"href":"https:\/\/sundar.be\/fr\/wp-json\/wp\/v2\/types\/product"}],"replies":[{"embeddable":true,"href":"https:\/\/sundar.be\/fr\/wp-json\/wp\/v2\/comments?post=45414"}],"wp:featuredmedia":[{"embeddable":true,"href":"https:\/\/sundar.be\/fr\/wp-json\/wp\/v2\/media\/45635"}],"wp:attachment":[{"href":"https:\/\/sundar.be\/fr\/wp-json\/wp\/v2\/media?parent=45414"}],"wp:term":[{"taxonomy":"product_brand","embeddable":true,"href":"https:\/\/sundar.be\/fr\/wp-json\/wp\/v2\/product_brand?post=45414"},{"taxonomy":"product_cat","embeddable":true,"href":"https:\/\/sundar.be\/fr\/wp-json\/wp\/v2\/product_cat?post=45414"},{"taxonomy":"product_tag","embeddable":true,"href":"https:\/\/sundar.be\/fr\/wp-json\/wp\/v2\/product_tag?post=45414"}],"curies":[{"name":"wp","href":"https:\/\/api.w.org\/{rel}","templated":true}]}}