{"id":45410,"date":"2024-11-28T12:04:19","date_gmt":"2024-11-28T11:04:19","guid":{"rendered":"https:\/\/sundar.be\/product\/famous-releaf-finish\/"},"modified":"2025-12-15T14:09:04","modified_gmt":"2025-12-15T13:09:04","slug":"famous-releaf-finish","status":"publish","type":"product","link":"https:\/\/sundar.be\/fr\/produit\/famous-releaf-finish\/","title":{"rendered":"Famous Releaf Finish"},"content":{"rendered":"<p data-start=\"59\" data-end=\"333\"><span style=\"color: #557e96;\"><strong>Famous Releaf Finish<\/strong><\/span> est un spray rafra\u00eechissant \u00e0 s\u00e9chage automatique, sp\u00e9cialement d\u00e9velopp\u00e9 comme finition parfaite des soins de p\u00e9dicurie et de manucure. Sa formule l\u00e9g\u00e8re rafra\u00eechit imm\u00e9diatement la peau, l\u2019hydrate et aide \u00e0 l\u2019apaiser apr\u00e8s le traitement. <\/p>\n<p data-start=\"335\" data-end=\"564\">Gr\u00e2ce \u00e0 des ingr\u00e9dients nourrissants et apaisants, ce spray soutient le confort cutan\u00e9 et aide \u00e0 prot\u00e9ger la peau contre les agressions ext\u00e9rieures. Convient \u00e0 une utilisation sur les pieds, les mains et le visage, aussi bien en usage professionnel qu\u2019\u00e0 domicile. <\/p>\n","protected":false},"excerpt":{"rendered":"<p data-start=\"599\" data-end=\"752\">Un spray rafra\u00eechissant \u00e0 s\u00e9chage automatique qui hydrate et apaise la peau apr\u00e8s la p\u00e9dicurie et la manucure. La touche finale id\u00e9ale pour les pieds, les mains et le visage. <\/p>\n","protected":false},"featured_media":45305,"comment_status":"open","ping_status":"closed","template":"","meta":{"_acf_changed":false},"product_brand":[],"product_cat":[4969,4870,4761,2772],"product_tag":[],"class_list":{"0":"post-45410","1":"product","2":"type-product","3":"status-publish","4":"has-post-thumbnail","6":"product_cat-cremes-lotions-mains","7":"product_cat-dadi-oil-fr","8":"product_cat-pose-ongles","9":"product_cat-manucure-soin-mains","10":"pa_inhoud-124ml-fr","11":"pa_inhoud-946ml-fr","13":"first","14":"instock","15":"taxable","16":"shipping-taxable","17":"product-type-variable"},"acf":[],"_links":{"self":[{"href":"https:\/\/sundar.be\/fr\/wp-json\/wp\/v2\/product\/45410","targetHints":{"allow":["GET"]}}],"collection":[{"href":"https:\/\/sundar.be\/fr\/wp-json\/wp\/v2\/product"}],"about":[{"href":"https:\/\/sundar.be\/fr\/wp-json\/wp\/v2\/types\/product"}],"replies":[{"embeddable":true,"href":"https:\/\/sundar.be\/fr\/wp-json\/wp\/v2\/comments?post=45410"}],"wp:featuredmedia":[{"embeddable":true,"href":"https:\/\/sundar.be\/fr\/wp-json\/wp\/v2\/media\/45305"}],"wp:attachment":[{"href":"https:\/\/sundar.be\/fr\/wp-json\/wp\/v2\/media?parent=45410"}],"wp:term":[{"taxonomy":"product_brand","embeddable":true,"href":"https:\/\/sundar.be\/fr\/wp-json\/wp\/v2\/product_brand?post=45410"},{"taxonomy":"product_cat","embeddable":true,"href":"https:\/\/sundar.be\/fr\/wp-json\/wp\/v2\/product_cat?post=45410"},{"taxonomy":"product_tag","embeddable":true,"href":"https:\/\/sundar.be\/fr\/wp-json\/wp\/v2\/product_tag?post=45410"}],"curies":[{"name":"wp","href":"https:\/\/api.w.org\/{rel}","templated":true}]}}