{"id":45407,"date":"2024-11-28T11:43:21","date_gmt":"2024-11-28T10:43:21","guid":{"rendered":"https:\/\/sundar.be\/product\/dadi-scrub-gold\/"},"modified":"2025-12-15T14:20:16","modified_gmt":"2025-12-15T13:20:16","slug":"dadi-scrub-gold","status":"publish","type":"product","link":"https:\/\/sundar.be\/fr\/produit\/dadi-scrub-gold\/","title":{"rendered":"Dadi\u2019 Scrub Gold"},"content":{"rendered":"<p data-start=\"55\" data-end=\"349\"><span style=\"color: #557e96;\"><strong>Dadi\u2019 Scrub Gold <\/strong><\/span>est un gommage luxueux et nourrissant qui exfolie la peau de mani\u00e8re douce mais efficace tout en la soignant intens\u00e9ment. La combinaison de particules exfoliantes naturelles et d\u2019huiles v\u00e9g\u00e9tales riches \u00e9limine les cellules mortes, affine le grain de peau et laisse la peau soyeuse et \u00e9clatante. <\/p>\n<p data-start=\"351\" data-end=\"620\">La formule est id\u00e9ale pour une utilisation sur les mains, les pieds et le corps et associe exfoliation et soin sans dess\u00e9cher la peau. De plus, le flacon est fabriqu\u00e9 \u00e0 partir de canne \u00e0 sucre biod\u00e9gradable, faisant de Dadi\u2019 Scrub Gold un choix conscient et durable. <\/p>\n","protected":false},"excerpt":{"rendered":"<p>Un gommage luxueux \u00e0 base d\u2019exfoliants naturels et d\u2019huiles nourrissantes qui rend la peau douce, lisse et soign\u00e9e. Pr\u00e9sent\u00e9 dans un emballage \u00e9cologique en canne \u00e0 sucre. <\/p>\n","protected":false},"featured_media":45300,"comment_status":"open","ping_status":"closed","template":"","meta":{"_acf_changed":false},"product_brand":[],"product_cat":[5055,4870,4972,4755,5057,4761,4968,2772],"product_tag":[],"class_list":{"0":"post-45407","1":"product","2":"type-product","3":"status-publish","4":"has-post-thumbnail","6":"product_cat-bains-pieds-gommage","7":"product_cat-dadi-oil-fr","8":"product_cat-nos-marques","9":"product_cat-pedicure","10":"product_cat-peelings-gommages","11":"product_cat-pose-ongles","12":"product_cat-preparation-manucure","13":"product_cat-manucure-soin-mains","14":"pa_inhoud-145g-fr","15":"pa_inhoud-311g-fr","17":"first","18":"instock","19":"taxable","20":"shipping-taxable","21":"product-type-variable"},"acf":[],"_links":{"self":[{"href":"https:\/\/sundar.be\/fr\/wp-json\/wp\/v2\/product\/45407","targetHints":{"allow":["GET"]}}],"collection":[{"href":"https:\/\/sundar.be\/fr\/wp-json\/wp\/v2\/product"}],"about":[{"href":"https:\/\/sundar.be\/fr\/wp-json\/wp\/v2\/types\/product"}],"replies":[{"embeddable":true,"href":"https:\/\/sundar.be\/fr\/wp-json\/wp\/v2\/comments?post=45407"}],"wp:featuredmedia":[{"embeddable":true,"href":"https:\/\/sundar.be\/fr\/wp-json\/wp\/v2\/media\/45300"}],"wp:attachment":[{"href":"https:\/\/sundar.be\/fr\/wp-json\/wp\/v2\/media?parent=45407"}],"wp:term":[{"taxonomy":"product_brand","embeddable":true,"href":"https:\/\/sundar.be\/fr\/wp-json\/wp\/v2\/product_brand?post=45407"},{"taxonomy":"product_cat","embeddable":true,"href":"https:\/\/sundar.be\/fr\/wp-json\/wp\/v2\/product_cat?post=45407"},{"taxonomy":"product_tag","embeddable":true,"href":"https:\/\/sundar.be\/fr\/wp-json\/wp\/v2\/product_tag?post=45407"}],"curies":[{"name":"wp","href":"https:\/\/api.w.org\/{rel}","templated":true}]}}