{"id":45404,"date":"2024-11-28T12:12:16","date_gmt":"2024-11-28T11:12:16","guid":{"rendered":"https:\/\/sundar.be\/product\/soak-a-lyptus\/"},"modified":"2025-12-15T14:02:34","modified_gmt":"2025-12-15T13:02:34","slug":"soak-a-lyptus","status":"publish","type":"product","link":"https:\/\/sundar.be\/fr\/produit\/soak-a-lyptus\/","title":{"rendered":"Soak-A-Lyptus"},"content":{"rendered":"<p data-start=\"52\" data-end=\"293\"><span style=\"color: #557e96;\"><strong>Soak-A-Lyptus<\/strong><\/span> est une solution rafra\u00eechissante et nettoyante pour les pieds, les mains et le corps, utilisable sans eau. Sa formule nettoie la peau en profondeur mais en douceur, \u00e9limine les impuret\u00e9s et laisse une sensation de fra\u00eecheur et de propret\u00e9. <\/p>\n<p data-start=\"295\" data-end=\"589\">Gr\u00e2ce \u00e0 la combinaison d\u2019agents nettoyants doux, d\u2019ingr\u00e9dients hydratants et d\u2019eucalyptol, Soak-A-Lyptus est id\u00e9al pour un usage professionnel lors de soins de p\u00e9dicurie, de manucure et de beaut\u00e9. Parfait comme pr\u00e9paration \u00e0 un traitement ou lorsque l\u2019utilisation d\u2019eau n\u2019est pas possible ou souhait\u00e9e. <\/p>\n","protected":false},"excerpt":{"rendered":"<p data-start=\"624\" data-end=\"779\">Un nettoyant sans eau pour les pieds, les mains et le corps qui laisse la peau fra\u00eeche et propre. Id\u00e9al pour un usage professionnel et un nettoyage rapide et hygi\u00e9nique. <\/p>\n","protected":false},"featured_media":45614,"comment_status":"open","ping_status":"closed","template":"","meta":{"_acf_changed":false},"product_brand":[],"product_cat":[5055,4870,4972,4755,4761,4968,5056,2772],"product_tag":[],"class_list":{"0":"post-45404","1":"product","2":"type-product","3":"status-publish","4":"has-post-thumbnail","6":"product_cat-bains-pieds-gommage","7":"product_cat-dadi-oil-fr","8":"product_cat-nos-marques","9":"product_cat-pedicure","10":"product_cat-pose-ongles","11":"product_cat-preparation-manucure","12":"product_cat-produits-bain-pieds","13":"product_cat-manucure-soin-mains","14":"pa_inhoud-250-ml-fr","15":"pa_inhoud-946ml-fr","17":"first","18":"instock","19":"taxable","20":"shipping-taxable","21":"product-type-variable"},"acf":[],"_links":{"self":[{"href":"https:\/\/sundar.be\/fr\/wp-json\/wp\/v2\/product\/45404","targetHints":{"allow":["GET"]}}],"collection":[{"href":"https:\/\/sundar.be\/fr\/wp-json\/wp\/v2\/product"}],"about":[{"href":"https:\/\/sundar.be\/fr\/wp-json\/wp\/v2\/types\/product"}],"replies":[{"embeddable":true,"href":"https:\/\/sundar.be\/fr\/wp-json\/wp\/v2\/comments?post=45404"}],"wp:featuredmedia":[{"embeddable":true,"href":"https:\/\/sundar.be\/fr\/wp-json\/wp\/v2\/media\/45614"}],"wp:attachment":[{"href":"https:\/\/sundar.be\/fr\/wp-json\/wp\/v2\/media?parent=45404"}],"wp:term":[{"taxonomy":"product_brand","embeddable":true,"href":"https:\/\/sundar.be\/fr\/wp-json\/wp\/v2\/product_brand?post=45404"},{"taxonomy":"product_cat","embeddable":true,"href":"https:\/\/sundar.be\/fr\/wp-json\/wp\/v2\/product_cat?post=45404"},{"taxonomy":"product_tag","embeddable":true,"href":"https:\/\/sundar.be\/fr\/wp-json\/wp\/v2\/product_tag?post=45404"}],"curies":[{"name":"wp","href":"https:\/\/api.w.org\/{rel}","templated":true}]}}