{"id":45401,"date":"2024-11-28T12:47:23","date_gmt":"2024-11-28T11:47:23","guid":{"rendered":"https:\/\/sundar.be\/product\/au-drench\/"},"modified":"2025-03-13T10:45:29","modified_gmt":"2025-03-13T09:45:29","slug":"au-drench","status":"publish","type":"product","link":"https:\/\/sundar.be\/fr\/produit\/au-drench\/","title":{"rendered":"AU Drench"},"content":{"rendered":"<p>Le gommage Dadi adoucit, \u00e9limine les peaux mortes et soigne, rendant vos mains, vos pieds et votre peau plus doux, plus jeunes et plus hydrat\u00e9s.<\/p>\n","protected":false},"excerpt":{"rendered":"<p>Un gommage luxueux et soyeux pour le soin des mains, des pieds et du corps, avec le m\u00eame ar\u00f4me que l&rsquo;huile Dadi prim\u00e9e.<\/p>\n","protected":false},"featured_media":45317,"comment_status":"open","ping_status":"closed","template":"","meta":{"_acf_changed":false},"product_brand":[],"product_cat":[5055,4870,4972,4755,5057,4761,4968,2772],"product_tag":[],"class_list":{"0":"post-45401","1":"product","2":"type-product","3":"status-publish","4":"has-post-thumbnail","6":"product_cat-bains-pieds-gommage","7":"product_cat-dadi-oil-fr","8":"product_cat-nos-marques","9":"product_cat-pedicure","10":"product_cat-peelings-gommages","11":"product_cat-pose-ongles","12":"product_cat-preparation-manucure","13":"product_cat-manucure-soin-mains","14":"pa_inhoud-369g-fr","15":"pa_inhoud-91g-fr","17":"first","18":"instock","19":"taxable","20":"shipping-taxable","21":"product-type-variable"},"acf":[],"_links":{"self":[{"href":"https:\/\/sundar.be\/fr\/wp-json\/wp\/v2\/product\/45401","targetHints":{"allow":["GET"]}}],"collection":[{"href":"https:\/\/sundar.be\/fr\/wp-json\/wp\/v2\/product"}],"about":[{"href":"https:\/\/sundar.be\/fr\/wp-json\/wp\/v2\/types\/product"}],"replies":[{"embeddable":true,"href":"https:\/\/sundar.be\/fr\/wp-json\/wp\/v2\/comments?post=45401"}],"wp:featuredmedia":[{"embeddable":true,"href":"https:\/\/sundar.be\/fr\/wp-json\/wp\/v2\/media\/45317"}],"wp:attachment":[{"href":"https:\/\/sundar.be\/fr\/wp-json\/wp\/v2\/media?parent=45401"}],"wp:term":[{"taxonomy":"product_brand","embeddable":true,"href":"https:\/\/sundar.be\/fr\/wp-json\/wp\/v2\/product_brand?post=45401"},{"taxonomy":"product_cat","embeddable":true,"href":"https:\/\/sundar.be\/fr\/wp-json\/wp\/v2\/product_cat?post=45401"},{"taxonomy":"product_tag","embeddable":true,"href":"https:\/\/sundar.be\/fr\/wp-json\/wp\/v2\/product_tag?post=45401"}],"curies":[{"name":"wp","href":"https:\/\/api.w.org\/{rel}","templated":true}]}}