{"id":45395,"date":"2024-11-28T12:52:47","date_gmt":"2024-11-28T11:52:47","guid":{"rendered":"https:\/\/sundar.be\/product\/cb-dadioil\/"},"modified":"2025-12-15T13:52:44","modified_gmt":"2025-12-15T12:52:44","slug":"cb-dadioil","status":"publish","type":"product","link":"https:\/\/sundar.be\/fr\/produit\/cb-dadioil\/","title":{"rendered":"CB-Dadi&rsquo;Oil"},"content":{"rendered":"<p data-start=\"50\" data-end=\"317\"><span style=\"color: #557e96;\"><strong>CB-Dadi\u2019Oil<\/strong><\/span> est une huile de soin luxueuse et nourrissante \u00e0 base d\u2019huiles v\u00e9g\u00e9tales de haute qualit\u00e9 et d\u2019huile de graines de chanvre. Cette huile multifonctionnelle a \u00e9t\u00e9 sp\u00e9cialement d\u00e9velopp\u00e9e pour soigner intens\u00e9ment, adoucir et maintenir en parfait \u00e9tat la peau, les cuticules et les ongles. <\/p>\n<p data-start=\"319\" data-end=\"551\">Sa texture l\u00e9g\u00e8re mais riche p\u00e9n\u00e8tre facilement et aide \u00e0 r\u00e9duire la s\u00e9cheresse, les sensations de tension et de tiraillement. Id\u00e9ale pour un usage professionnel lors des soins de manucure, de p\u00e9dicure et de beaut\u00e9, ainsi que pour les soins quotidiens \u00e0 domicile. <\/p>\n","protected":false},"excerpt":{"rendered":"<p data-start=\"586\" data-end=\"744\">Une huile de soin luxueuse \u00e0 l\u2019huile de graines de chanvre qui nourrit et adoucit intens\u00e9ment la peau et les cuticules. Id\u00e9ale pour un usage quotidien et les soins professionnels. <\/p>\n","protected":false},"featured_media":45325,"comment_status":"open","ping_status":"closed","template":"","meta":{"_acf_changed":false},"product_brand":[],"product_cat":[4870,4970,4761,2772],"product_tag":[],"class_list":{"0":"post-45395","1":"product","2":"type-product","3":"status-publish","4":"has-post-thumbnail","6":"product_cat-dadi-oil-fr","7":"product_cat-manucure-huiles-ongles","8":"product_cat-pose-ongles","9":"product_cat-manucure-soin-mains","10":"pa_inhoud-143-ml-fr","11":"pa_inhoud-375-ml-fr","12":"pa_inhoud-72-ml-fr","13":"pa_inhoud-display-12x-143-ml-fr","14":"pa_inhoud-display-24x-375ml-fr","16":"first","17":"instock","18":"taxable","19":"shipping-taxable","20":"product-type-variable"},"acf":[],"_links":{"self":[{"href":"https:\/\/sundar.be\/fr\/wp-json\/wp\/v2\/product\/45395","targetHints":{"allow":["GET"]}}],"collection":[{"href":"https:\/\/sundar.be\/fr\/wp-json\/wp\/v2\/product"}],"about":[{"href":"https:\/\/sundar.be\/fr\/wp-json\/wp\/v2\/types\/product"}],"replies":[{"embeddable":true,"href":"https:\/\/sundar.be\/fr\/wp-json\/wp\/v2\/comments?post=45395"}],"wp:featuredmedia":[{"embeddable":true,"href":"https:\/\/sundar.be\/fr\/wp-json\/wp\/v2\/media\/45325"}],"wp:attachment":[{"href":"https:\/\/sundar.be\/fr\/wp-json\/wp\/v2\/media?parent=45395"}],"wp:term":[{"taxonomy":"product_brand","embeddable":true,"href":"https:\/\/sundar.be\/fr\/wp-json\/wp\/v2\/product_brand?post=45395"},{"taxonomy":"product_cat","embeddable":true,"href":"https:\/\/sundar.be\/fr\/wp-json\/wp\/v2\/product_cat?post=45395"},{"taxonomy":"product_tag","embeddable":true,"href":"https:\/\/sundar.be\/fr\/wp-json\/wp\/v2\/product_tag?post=45395"}],"curies":[{"name":"wp","href":"https:\/\/api.w.org\/{rel}","templated":true}]}}