{"id":45392,"date":"2024-11-28T12:57:14","date_gmt":"2024-11-28T11:57:14","guid":{"rendered":"https:\/\/sundar.be\/product\/famous-releaf-cbd-elixir\/"},"modified":"2025-12-15T13:47:46","modified_gmt":"2025-12-15T12:47:46","slug":"famous-releaf-cbd-elixir","status":"publish","type":"product","link":"https:\/\/sundar.be\/fr\/produit\/famous-releaf-cbd-elixir\/","title":{"rendered":"Famous Releaf CBD Elixir"},"content":{"rendered":"<p data-start=\"63\" data-end=\"341\"><span style=\"color: #557e96;\"><strong>Famous Releaf CBD Elixir<\/strong><\/span> est un \u00e9lixir huileux concentr\u00e9 et de haute qualit\u00e9 \u00e0 base d\u2019huile de graines de chanvre et de distillat de CBD. Cette huile luxueuse est sp\u00e9cialement con\u00e7ue pour nourrir intens\u00e9ment la peau, l\u2019apaiser et la soutenir en cas de peau s\u00e8che, sensible ou irrit\u00e9e. <\/p>\n<p data-start=\"343\" data-end=\"580\">Gr\u00e2ce au distillat de CBD contenant 4 % de CBD et des antioxydants, l\u2019\u00e9lixir aide \u00e0 r\u00e9\u00e9quilibrer la peau et \u00e0 am\u00e9liorer son confort. Id\u00e9al pour un usage professionnel en institut de beaut\u00e9 ainsi que comme soin compl\u00e9mentaire \u00e0 domicile. <\/p>\n","protected":false},"excerpt":{"rendered":"<p data-start=\"615\" data-end=\"755\">Un \u00e9lixir nourrissant et apaisant contenant 4 % de CBD qui aide la peau \u00e0 se r\u00e9parer et \u00e0 retrouver son \u00e9quilibre. Id\u00e9al pour les peaux s\u00e8ches, sensibles ou stress\u00e9es. <\/p>\n","protected":false},"featured_media":45340,"comment_status":"open","ping_status":"closed","template":"","meta":{"_acf_changed":false},"product_brand":[],"product_cat":[4969,4870,4970,4761,4968,2772],"product_tag":[],"class_list":{"0":"post-45392","1":"product","2":"type-product","3":"status-publish","4":"has-post-thumbnail","6":"product_cat-cremes-lotions-mains","7":"product_cat-dadi-oil-fr","8":"product_cat-manucure-huiles-ongles","9":"product_cat-pose-ongles","10":"product_cat-preparation-manucure","11":"product_cat-manucure-soin-mains","12":"pa_inhoud-15-ml-fr","13":"pa_inhoud-60-ml-fr","15":"first","16":"instock","17":"taxable","18":"shipping-taxable","19":"product-type-variable"},"acf":[],"_links":{"self":[{"href":"https:\/\/sundar.be\/fr\/wp-json\/wp\/v2\/product\/45392","targetHints":{"allow":["GET"]}}],"collection":[{"href":"https:\/\/sundar.be\/fr\/wp-json\/wp\/v2\/product"}],"about":[{"href":"https:\/\/sundar.be\/fr\/wp-json\/wp\/v2\/types\/product"}],"replies":[{"embeddable":true,"href":"https:\/\/sundar.be\/fr\/wp-json\/wp\/v2\/comments?post=45392"}],"wp:featuredmedia":[{"embeddable":true,"href":"https:\/\/sundar.be\/fr\/wp-json\/wp\/v2\/media\/45340"}],"wp:attachment":[{"href":"https:\/\/sundar.be\/fr\/wp-json\/wp\/v2\/media?parent=45392"}],"wp:term":[{"taxonomy":"product_brand","embeddable":true,"href":"https:\/\/sundar.be\/fr\/wp-json\/wp\/v2\/product_brand?post=45392"},{"taxonomy":"product_cat","embeddable":true,"href":"https:\/\/sundar.be\/fr\/wp-json\/wp\/v2\/product_cat?post=45392"},{"taxonomy":"product_tag","embeddable":true,"href":"https:\/\/sundar.be\/fr\/wp-json\/wp\/v2\/product_tag?post=45392"}],"curies":[{"name":"wp","href":"https:\/\/api.w.org\/{rel}","templated":true}]}}