{"id":45391,"date":"2024-11-28T12:59:29","date_gmt":"2024-11-28T11:59:29","guid":{"rendered":"https:\/\/sundar.be\/product\/famous-releaf-cuti-cal-124ml\/"},"modified":"2025-12-15T13:39:36","modified_gmt":"2025-12-15T12:39:36","slug":"famous-releaf-cuti-cal-124ml","status":"publish","type":"product","link":"https:\/\/sundar.be\/fr\/produit\/famous-releaf-cuti-cal-124ml\/","title":{"rendered":"Famous Releaf Cuti-cal, 124ml"},"content":{"rendered":"<p data-start=\"61\" data-end=\"368\"><span style=\"color: #557e96;\"><strong>Famous Releaf Cuti-Cal<\/strong><\/span> est une solution professionnelle polyvalente tout-en-un pour l\u2019assouplissement des callosit\u00e9s et l\u2019\u00e9limination des cuticules exc\u00e9dentaires. Sa formule douce mais efficace aide \u00e0 ramollir rapidement la peau \u00e9paissie et les cuticules, facilitant ainsi leur retrait de mani\u00e8re simple et confortable. <\/p>\n<p data-start=\"370\" data-end=\"606\">Gr\u00e2ce \u00e0 des ingr\u00e9dients hydratants et apaisants, la peau est prot\u00e9g\u00e9e contre le dess\u00e8chement et les irritations pendant le traitement. Id\u00e9al pour une utilisation lors des soins de p\u00e9dicurie et de manucure et parfaitement adapt\u00e9 \u00e0 un travail professionnel efficace. <\/p>\n","protected":false},"excerpt":{"rendered":"<p data-start=\"641\" data-end=\"788\">Un assouplissant de callosit\u00e9s et dissolvant de cuticules tout-en-un qui adoucit rapidement la peau et les cuticules. Id\u00e9al pour un usage professionnel en p\u00e9dicurie et manucure. <\/p>\n","protected":false},"featured_media":45598,"comment_status":"open","ping_status":"closed","template":"","meta":{"_acf_changed":false},"product_brand":[],"product_cat":[4870,4972,5001,4755,4761,4968,5002,2772],"product_tag":[],"class_list":{"0":"post-45391","1":"product","2":"type-product","3":"status-publish","4":"has-post-thumbnail","6":"product_cat-dadi-oil-fr","7":"product_cat-nos-marques","8":"product_cat-outils-pedicure","9":"product_cat-pedicure","10":"product_cat-pose-ongles","11":"product_cat-preparation-manucure","12":"product_cat-ramollisseurs-callosites","13":"product_cat-manucure-soin-mains","15":"first","16":"instock","17":"taxable","18":"shipping-taxable","19":"product-type-simple"},"acf":[],"_links":{"self":[{"href":"https:\/\/sundar.be\/fr\/wp-json\/wp\/v2\/product\/45391","targetHints":{"allow":["GET"]}}],"collection":[{"href":"https:\/\/sundar.be\/fr\/wp-json\/wp\/v2\/product"}],"about":[{"href":"https:\/\/sundar.be\/fr\/wp-json\/wp\/v2\/types\/product"}],"replies":[{"embeddable":true,"href":"https:\/\/sundar.be\/fr\/wp-json\/wp\/v2\/comments?post=45391"}],"wp:featuredmedia":[{"embeddable":true,"href":"https:\/\/sundar.be\/fr\/wp-json\/wp\/v2\/media\/45598"}],"wp:attachment":[{"href":"https:\/\/sundar.be\/fr\/wp-json\/wp\/v2\/media?parent=45391"}],"wp:term":[{"taxonomy":"product_brand","embeddable":true,"href":"https:\/\/sundar.be\/fr\/wp-json\/wp\/v2\/product_brand?post=45391"},{"taxonomy":"product_cat","embeddable":true,"href":"https:\/\/sundar.be\/fr\/wp-json\/wp\/v2\/product_cat?post=45391"},{"taxonomy":"product_tag","embeddable":true,"href":"https:\/\/sundar.be\/fr\/wp-json\/wp\/v2\/product_tag?post=45391"}],"curies":[{"name":"wp","href":"https:\/\/api.w.org\/{rel}","templated":true}]}}