{"id":45388,"date":"2024-11-28T13:03:34","date_gmt":"2024-11-28T12:03:34","guid":{"rendered":"https:\/\/sundar.be\/product\/luxury-dadi-lotion\/"},"modified":"2025-12-15T13:30:03","modified_gmt":"2025-12-15T12:30:03","slug":"luxury-dadi-lotion","status":"publish","type":"product","link":"https:\/\/sundar.be\/fr\/produit\/luxury-dadi-lotion\/","title":{"rendered":"Luxury Dadi Lotion"},"content":{"rendered":"<p data-start=\"57\" data-end=\"317\"><span style=\"color: #557e96;\"><strong>Luxury Dadi Lotion<\/strong><\/span> est une lotion luxueuse et intens\u00e9ment hydratante qui nourrit la peau en profondeur et laisse une sensation soyeuse. Sa formule riche mais rapidement absorb\u00e9e soutient la barri\u00e8re cutan\u00e9e naturelle et aide \u00e0 maintenir la peau souple, lisse et confortable. <\/p>\n<p data-start=\"319\" data-end=\"629\">Gr\u00e2ce \u00e0 un m\u00e9lange soigneusement compos\u00e9 d\u2019ingr\u00e9dients hydratants, d\u2019huiles v\u00e9g\u00e9tales nourrissantes et d\u2019extraits aromatiques, cette lotion offre non seulement un soin efficace, mais aussi une exp\u00e9rience sensorielle raffin\u00e9e. Id\u00e9ale pour le soin quotidien des mains et du corps, aussi bien en usage professionnel qu\u2019\u00e0 domicile. <\/p>\n","protected":false},"excerpt":{"rendered":"<p data-start=\"664\" data-end=\"818\">Une lotion luxueuse et hydratante qui nourrit la peau et la maintient douce et souple durablement. Parfaite pour un soin quotidien avec une exp\u00e9rience olfactive raffin\u00e9e. <\/p>\n","protected":false},"featured_media":45592,"comment_status":"open","ping_status":"closed","template":"","meta":{"_acf_changed":false},"product_brand":[],"product_cat":[4969,4870,4761,2772],"product_tag":[],"class_list":{"0":"post-45388","1":"product","2":"type-product","3":"status-publish","4":"has-post-thumbnail","6":"product_cat-cremes-lotions-mains","7":"product_cat-dadi-oil-fr","8":"product_cat-pose-ongles","9":"product_cat-manucure-soin-mains","10":"pa_inhoud-236-ml-fr","11":"pa_inhoud-94-ml-fr","12":"pa_inhoud-946ml-fr","14":"first","15":"instock","16":"taxable","17":"shipping-taxable","18":"product-type-variable"},"acf":[],"_links":{"self":[{"href":"https:\/\/sundar.be\/fr\/wp-json\/wp\/v2\/product\/45388","targetHints":{"allow":["GET"]}}],"collection":[{"href":"https:\/\/sundar.be\/fr\/wp-json\/wp\/v2\/product"}],"about":[{"href":"https:\/\/sundar.be\/fr\/wp-json\/wp\/v2\/types\/product"}],"replies":[{"embeddable":true,"href":"https:\/\/sundar.be\/fr\/wp-json\/wp\/v2\/comments?post=45388"}],"wp:featuredmedia":[{"embeddable":true,"href":"https:\/\/sundar.be\/fr\/wp-json\/wp\/v2\/media\/45592"}],"wp:attachment":[{"href":"https:\/\/sundar.be\/fr\/wp-json\/wp\/v2\/media?parent=45388"}],"wp:term":[{"taxonomy":"product_brand","embeddable":true,"href":"https:\/\/sundar.be\/fr\/wp-json\/wp\/v2\/product_brand?post=45388"},{"taxonomy":"product_cat","embeddable":true,"href":"https:\/\/sundar.be\/fr\/wp-json\/wp\/v2\/product_cat?post=45388"},{"taxonomy":"product_tag","embeddable":true,"href":"https:\/\/sundar.be\/fr\/wp-json\/wp\/v2\/product_tag?post=45388"}],"curies":[{"name":"wp","href":"https:\/\/api.w.org\/{rel}","templated":true}]}}