{"id":45386,"date":"2024-11-28T14:24:48","date_gmt":"2024-11-29T07:36:09","guid":{"rendered":"https:\/\/sundar.be\/product\/dadi-releaf-starter-kit\/"},"modified":"2025-01-01T00:00:17","modified_gmt":"2024-12-31T23:00:17","slug":"dadi-releaf-starter-kit","status":"publish","type":"product","link":"https:\/\/sundar.be\/fr\/produit\/dadi-releaf-starter-kit\/","title":{"rendered":"Dadi Releaf Starter Kit"},"content":{"rendered":"<p id=\"tw-target-text\" class=\"tw-data-text tw-text-large XcVN5d tw-ta\" dir=\"ltr\" data-placeholder=\"Vertaling\"><span class=\"Y2IQFc\" lang=\"nl\">Le kit de d\u00e9marrage ultime de p\u00e9dicure cosm\u00e9tique comprend :<\/span><\/p>\n<ul>\n<li class=\"tw-data-text tw-text-large XcVN5d tw-ta\" dir=\"ltr\" data-placeholder=\"Vertaling\"><span class=\"Y2IQFc\" lang=\"nl\">1x <a href=\"https:\/\/sundar.be\/product\/soak-a-lyptus-946-ml\/\">SOAK-A-LYPTUS<\/a>\u2122 250 ml <\/span><\/li>\n<li class=\"tw-data-text tw-text-large XcVN5d tw-ta\" dir=\"ltr\" data-placeholder=\"Vertaling\">1x <a href=\"https:\/\/sundar.be\/product\/au-drench\/\">AU DRENCH<\/a>\u2122 91 g<\/li>\n<li class=\"tw-data-text tw-text-large XcVN5d tw-ta\" dir=\"ltr\" data-placeholder=\"Vertaling\">1x <a href=\"https:\/\/sundar.be\/product\/famous-releaf-cuti-cal-124ml\/\">CUTI-CAL<\/a> 124 ml<\/li>\n<li class=\"tw-data-text tw-text-large XcVN5d tw-ta\" dir=\"ltr\" data-placeholder=\"Vertaling\">1x <a href=\"https:\/\/sundar.be\/product\/famous-releaf-finish\/\">FINISH<\/a>\u2122 124 ml<\/li>\n<li class=\"tw-data-text tw-text-large XcVN5d tw-ta\" dir=\"ltr\" data-placeholder=\"Vertaling\">1x <a href=\"https:\/\/sundar.be\/product\/dadi-scrub-gold-311g\/\">DADI\u2019\u00ae SCRUB GOUD<\/a> 145 g<\/li>\n<li class=\"tw-data-text tw-text-large XcVN5d tw-ta\" dir=\"ltr\" data-placeholder=\"Vertaling\">1x DADI\u2019\u00ae LOTION GOUD 130 g<\/li>\n<li class=\"tw-data-text tw-text-large XcVN5d tw-ta\" dir=\"ltr\" data-placeholder=\"Vertaling\">1x <a href=\"https:\/\/sundar.be\/product\/dadi-oil\/\">DADI\u2019\u00ae OLIE<\/a> 14,3 ml \/ Optioneel: CBD ELIXIR 60 ml<\/li>\n<li class=\"tw-data-text tw-text-large XcVN5d tw-ta\" dir=\"ltr\" data-placeholder=\"Vertaling\">1x LOOSIN\u2019 IT FOOT FILE\u2122<\/li>\n<li class=\"tw-data-text tw-text-large XcVN5d tw-ta\" dir=\"ltr\" data-placeholder=\"Vertaling\">1x RELEAF-product brochure<\/li>\n<li class=\"tw-data-text tw-text-large XcVN5d tw-ta\" dir=\"ltr\" data-placeholder=\"Vertaling\">1x RELEAF Snelle referentiegids<\/li>\n<\/ul>\n","protected":false},"excerpt":{"rendered":"<p>Le kit de d\u00e9marrage ultime de p\u00e9dicure cosm\u00e9tique comprend : 1x SOAK-A-LYPTUS\u2122 250 ml 1x AU DRENCH\u2122 91 g 1x CUTI-CAL 124 ml 1x FINISH\u2122 124 ml 1x DADI\u2019\u00ae SCRUB GOUD 145 g 1x DADI\u2019\u00ae LOTION GOUD 130 g 1x DADI\u2019\u00ae OLIE 14,3 ml \/ Optioneel: CBD ELIXIR 60 ml 1x LOOSIN\u2019 IT FOOT FILE\u2122 [&hellip;]<\/p>\n","protected":false},"featured_media":45358,"comment_status":"open","ping_status":"closed","template":"","meta":{"_acf_changed":false},"product_brand":[],"product_cat":[4870,4761,2772],"product_tag":[],"class_list":{"0":"post-45386","1":"product","2":"type-product","3":"status-publish","4":"has-post-thumbnail","6":"product_cat-dadi-oil-fr","7":"product_cat-pose-ongles","8":"product_cat-manucure-soin-mains","10":"first","11":"instock","12":"taxable","13":"shipping-taxable","14":"product-type-simple"},"acf":[],"_links":{"self":[{"href":"https:\/\/sundar.be\/fr\/wp-json\/wp\/v2\/product\/45386","targetHints":{"allow":["GET"]}}],"collection":[{"href":"https:\/\/sundar.be\/fr\/wp-json\/wp\/v2\/product"}],"about":[{"href":"https:\/\/sundar.be\/fr\/wp-json\/wp\/v2\/types\/product"}],"replies":[{"embeddable":true,"href":"https:\/\/sundar.be\/fr\/wp-json\/wp\/v2\/comments?post=45386"}],"wp:featuredmedia":[{"embeddable":true,"href":"https:\/\/sundar.be\/fr\/wp-json\/wp\/v2\/media\/45358"}],"wp:attachment":[{"href":"https:\/\/sundar.be\/fr\/wp-json\/wp\/v2\/media?parent=45386"}],"wp:term":[{"taxonomy":"product_brand","embeddable":true,"href":"https:\/\/sundar.be\/fr\/wp-json\/wp\/v2\/product_brand?post=45386"},{"taxonomy":"product_cat","embeddable":true,"href":"https:\/\/sundar.be\/fr\/wp-json\/wp\/v2\/product_cat?post=45386"},{"taxonomy":"product_tag","embeddable":true,"href":"https:\/\/sundar.be\/fr\/wp-json\/wp\/v2\/product_tag?post=45386"}],"curies":[{"name":"wp","href":"https:\/\/api.w.org\/{rel}","templated":true}]}}