{"id":45385,"date":"2024-11-28T14:33:24","date_gmt":"2024-11-28T13:33:24","guid":{"rendered":"https:\/\/sundar.be\/product\/dadioil-lipbalm\/"},"modified":"2025-12-15T12:36:35","modified_gmt":"2025-12-15T11:36:35","slug":"dadioil-lipbalm","status":"publish","type":"product","link":"https:\/\/sundar.be\/fr\/produit\/dadioil-lipbalm\/","title":{"rendered":"Dadi&rsquo;Oil Lipbalm"},"content":{"rendered":"<p data-start=\"55\" data-end=\"341\"><span style=\"color: #557e96;\"><strong>Dadi\u2019Oil Baume \u00e0 L\u00e8vres<\/strong><\/span> est un baume intens\u00e9ment nourrissant et protecteur qui aide \u00e0 r\u00e9parer les l\u00e8vres s\u00e8ches, gerc\u00e9es et sensibles. Sa formule riche \u00e0 base d\u2019huiles et de cires naturelles forme une couche protectrice qui pr\u00e9vient la perte d\u2019hydratation et maintient les l\u00e8vres douces et souples durablement. <\/p>\n<p data-start=\"343\" data-end=\"579\">Gr\u00e2ce \u00e0 la combinaison de beurres v\u00e9g\u00e9taux, d\u2019huiles nourrissantes et de vitamine E, les l\u00e8vres sont intens\u00e9ment soign\u00e9es et prot\u00e9g\u00e9es contre les agressions ext\u00e9rieures telles que le froid, le vent et l\u2019air sec. Id\u00e9al pour un usage quotidien, tout au long de l\u2019ann\u00e9e. <\/p>\n","protected":false},"excerpt":{"rendered":"<p data-start=\"614\" data-end=\"746\">Un baume \u00e0 l\u00e8vres intens\u00e9ment nourrissant qui prot\u00e8ge et r\u00e9pare les l\u00e8vres s\u00e8ches et sensibles. Assure des l\u00e8vres durablement douces et souples. <\/p>\n","protected":false},"featured_media":45381,"comment_status":"open","ping_status":"closed","template":"","meta":{"_acf_changed":false},"product_brand":[],"product_cat":[4870],"product_tag":[],"class_list":{"0":"post-45385","1":"product","2":"type-product","3":"status-publish","4":"has-post-thumbnail","6":"product_cat-dadi-oil-fr","8":"first","9":"instock","10":"taxable","11":"shipping-taxable","12":"product-type-simple"},"acf":[],"_links":{"self":[{"href":"https:\/\/sundar.be\/fr\/wp-json\/wp\/v2\/product\/45385","targetHints":{"allow":["GET"]}}],"collection":[{"href":"https:\/\/sundar.be\/fr\/wp-json\/wp\/v2\/product"}],"about":[{"href":"https:\/\/sundar.be\/fr\/wp-json\/wp\/v2\/types\/product"}],"replies":[{"embeddable":true,"href":"https:\/\/sundar.be\/fr\/wp-json\/wp\/v2\/comments?post=45385"}],"wp:featuredmedia":[{"embeddable":true,"href":"https:\/\/sundar.be\/fr\/wp-json\/wp\/v2\/media\/45381"}],"wp:attachment":[{"href":"https:\/\/sundar.be\/fr\/wp-json\/wp\/v2\/media?parent=45385"}],"wp:term":[{"taxonomy":"product_brand","embeddable":true,"href":"https:\/\/sundar.be\/fr\/wp-json\/wp\/v2\/product_brand?post=45385"},{"taxonomy":"product_cat","embeddable":true,"href":"https:\/\/sundar.be\/fr\/wp-json\/wp\/v2\/product_cat?post=45385"},{"taxonomy":"product_tag","embeddable":true,"href":"https:\/\/sundar.be\/fr\/wp-json\/wp\/v2\/product_tag?post=45385"}],"curies":[{"name":"wp","href":"https:\/\/api.w.org\/{rel}","templated":true}]}}