{"id":45280,"date":"2024-11-28T11:16:27","date_gmt":"2024-11-28T10:17:22","guid":{"rendered":"https:\/\/sundar.be\/product\/titania-softtouch-rape-a-pied\/"},"modified":"2025-01-01T00:02:10","modified_gmt":"2024-12-31T23:02:10","slug":"titania-softtouch-rape-a-pied","status":"publish","type":"product","link":"https:\/\/sundar.be\/fr\/produit\/titania-softtouch-rape-a-pied\/","title":{"rendered":"Titania Softtouch R\u00e2pe \u00e0 pied"},"content":{"rendered":"<p>La forme ergonomique de la r\u00e2pe \u00e0 callosit\u00e9s SOFTTOUCH TITANIA avec \u00e9meri permet d&rsquo;\u00e9liminer les cors et les callosit\u00e9s en douceur et en profondeur. Le manche antid\u00e9rapant et la forme incurv\u00e9e facilitent le retrait, m\u00eame dans les zones difficiles d&rsquo;acc\u00e8s. Pour de meilleurs r\u00e9sultats, utilisez la r\u00e2pe \u00e0 callosit\u00e9s SOFTTOUCH TITANIA avec \u00e9meri sur une peau s\u00e8che. Utilisez d&rsquo;abord la r\u00e2pe pour \u00e9liminer les cors et les callosit\u00e9s durs, puis utilisez l&rsquo;\u00e9meri pour obtenir une finition douce et lisse. La surface de la r\u00e2pe en acier inoxydable et l&rsquo;\u00e9meri imperm\u00e9able se nettoient facilement \u00e0 l&rsquo;aide d&rsquo;une brosse \u00e0 ongles sous l&rsquo;eau courante. Vous recevrez une <span class=\"Y2IQFc\" lang=\"nl\">couleur al\u00e9atoir<\/span>e. <\/p>\n","protected":false},"excerpt":{"rendered":"<p>La forme ergonomique de la r\u00e2pe \u00e0 callosit\u00e9s SOFTTOUCH TITANIA avec \u00e9meri permet d&rsquo;\u00e9liminer les cors et les callosit\u00e9s en douceur et en profondeur. Le manche antid\u00e9rapant et la forme incurv\u00e9e facilitent le retrait, m\u00eame dans les zones difficiles d&rsquo;acc\u00e8s. Pour de meilleurs r\u00e9sultats, utilisez la r\u00e2pe \u00e0 callosit\u00e9s SOFTTOUCH TITANIA avec \u00e9meri sur une [&hellip;]<\/p>\n","protected":false},"featured_media":45279,"comment_status":"open","ping_status":"closed","template":"","meta":{"_acf_changed":false},"product_brand":[],"product_cat":[4759,4755],"product_tag":[],"class_list":{"0":"post-45280","1":"product","2":"type-product","3":"status-publish","4":"has-post-thumbnail","6":"product_cat-limes-de-pied","7":"product_cat-pedicure","9":"first","10":"instock","11":"taxable","12":"shipping-taxable","13":"product-type-simple"},"acf":[],"_links":{"self":[{"href":"https:\/\/sundar.be\/fr\/wp-json\/wp\/v2\/product\/45280","targetHints":{"allow":["GET"]}}],"collection":[{"href":"https:\/\/sundar.be\/fr\/wp-json\/wp\/v2\/product"}],"about":[{"href":"https:\/\/sundar.be\/fr\/wp-json\/wp\/v2\/types\/product"}],"replies":[{"embeddable":true,"href":"https:\/\/sundar.be\/fr\/wp-json\/wp\/v2\/comments?post=45280"}],"wp:featuredmedia":[{"embeddable":true,"href":"https:\/\/sundar.be\/fr\/wp-json\/wp\/v2\/media\/45279"}],"wp:attachment":[{"href":"https:\/\/sundar.be\/fr\/wp-json\/wp\/v2\/media?parent=45280"}],"wp:term":[{"taxonomy":"product_brand","embeddable":true,"href":"https:\/\/sundar.be\/fr\/wp-json\/wp\/v2\/product_brand?post=45280"},{"taxonomy":"product_cat","embeddable":true,"href":"https:\/\/sundar.be\/fr\/wp-json\/wp\/v2\/product_cat?post=45280"},{"taxonomy":"product_tag","embeddable":true,"href":"https:\/\/sundar.be\/fr\/wp-json\/wp\/v2\/product_tag?post=45280"}],"curies":[{"name":"wp","href":"https:\/\/api.w.org\/{rel}","templated":true}]}}