{"id":45275,"date":"2024-11-28T11:14:37","date_gmt":"2024-11-28T10:15:11","guid":{"rendered":"https:\/\/sundar.be\/product\/titania-softtouch-lime-pour-les-pieds\/"},"modified":"2025-01-01T00:02:10","modified_gmt":"2024-12-31T23:02:10","slug":"titania-softtouch-lime-pour-les-pieds","status":"publish","type":"product","link":"https:\/\/sundar.be\/fr\/produit\/titania-softtouch-lime-pour-les-pieds\/","title":{"rendered":"Titania Softtouch Lime pour les Pieds"},"content":{"rendered":"<p>La couleur de la poign\u00e9e peut \u00eatre diff\u00e9rente de celle de la photo.<\/p>\n","protected":false},"excerpt":{"rendered":"<p>La couleur de la poign\u00e9e peut \u00eatre diff\u00e9rente de celle de la photo.<\/p>\n","protected":false},"featured_media":45752,"comment_status":"open","ping_status":"closed","template":"","meta":{"_acf_changed":false},"product_brand":[],"product_cat":[4759,4755],"product_tag":[],"class_list":{"0":"post-45275","1":"product","2":"type-product","3":"status-publish","4":"has-post-thumbnail","6":"product_cat-limes-de-pied","7":"product_cat-pedicure","9":"first","10":"instock","11":"taxable","12":"shipping-taxable","13":"product-type-simple"},"acf":[],"_links":{"self":[{"href":"https:\/\/sundar.be\/fr\/wp-json\/wp\/v2\/product\/45275","targetHints":{"allow":["GET"]}}],"collection":[{"href":"https:\/\/sundar.be\/fr\/wp-json\/wp\/v2\/product"}],"about":[{"href":"https:\/\/sundar.be\/fr\/wp-json\/wp\/v2\/types\/product"}],"replies":[{"embeddable":true,"href":"https:\/\/sundar.be\/fr\/wp-json\/wp\/v2\/comments?post=45275"}],"wp:featuredmedia":[{"embeddable":true,"href":"https:\/\/sundar.be\/fr\/wp-json\/wp\/v2\/media\/45752"}],"wp:attachment":[{"href":"https:\/\/sundar.be\/fr\/wp-json\/wp\/v2\/media?parent=45275"}],"wp:term":[{"taxonomy":"product_brand","embeddable":true,"href":"https:\/\/sundar.be\/fr\/wp-json\/wp\/v2\/product_brand?post=45275"},{"taxonomy":"product_cat","embeddable":true,"href":"https:\/\/sundar.be\/fr\/wp-json\/wp\/v2\/product_cat?post=45275"},{"taxonomy":"product_tag","embeddable":true,"href":"https:\/\/sundar.be\/fr\/wp-json\/wp\/v2\/product_tag?post=45275"}],"curies":[{"name":"wp","href":"https:\/\/api.w.org\/{rel}","templated":true}]}}