{"id":45254,"date":"2024-11-28T11:05:59","date_gmt":"2024-11-28T10:05:59","guid":{"rendered":"https:\/\/sundar.be\/product\/akileine-lime-pour-les-pieds\/"},"modified":"2025-01-01T00:02:10","modified_gmt":"2024-12-31T23:02:10","slug":"akileine-lime-pour-les-pieds","status":"publish","type":"product","link":"https:\/\/sundar.be\/fr\/produit\/akileine-lime-pour-les-pieds\/","title":{"rendered":"Akile\u00efne Lime pour les Pieds"},"content":{"rendered":"<p>Le Podorape\u00ae Akilein\u00ae permet d&rsquo;\u00e9liminer rapidement les callosit\u00e9s importantes et les rugosit\u00e9s. La granulom\u00e9trie fine et moyenne des deux faces permet d&rsquo;\u00e9liminer fortement les callosit\u00e9s d&rsquo;un c\u00f4t\u00e9 et de l&rsquo;autre de les lisser en douceur. Utiliser une fois par semaine sur peau s\u00e8che sur les zones \u00e0 traiter. Rincer \u00e0 l&rsquo;eau et s\u00e9cher.   <\/p>\n","protected":false},"excerpt":{"rendered":"<p>Le Podorape\u00ae Akilein\u00ae permet d&rsquo;\u00e9liminer rapidement les callosit\u00e9s importantes et les rugosit\u00e9s. La granulom\u00e9trie fine et moyenne des deux faces permet d&rsquo;\u00e9liminer fortement les callosit\u00e9s d&rsquo;un c\u00f4t\u00e9 et de l&rsquo;autre de les lisser en douceur. Utiliser une fois par semaine sur peau s\u00e8che sur les zones \u00e0 traiter. Rincer \u00e0 l&rsquo;eau et s\u00e9cher.<\/p>\n","protected":false},"featured_media":45251,"comment_status":"open","ping_status":"closed","template":"","meta":{"_acf_changed":false},"product_brand":[],"product_cat":[4759,4755],"product_tag":[],"class_list":{"0":"post-45254","1":"product","2":"type-product","3":"status-publish","4":"has-post-thumbnail","6":"product_cat-limes-de-pied","7":"product_cat-pedicure","9":"first","10":"instock","11":"taxable","12":"shipping-taxable","13":"product-type-simple"},"acf":[],"_links":{"self":[{"href":"https:\/\/sundar.be\/fr\/wp-json\/wp\/v2\/product\/45254","targetHints":{"allow":["GET"]}}],"collection":[{"href":"https:\/\/sundar.be\/fr\/wp-json\/wp\/v2\/product"}],"about":[{"href":"https:\/\/sundar.be\/fr\/wp-json\/wp\/v2\/types\/product"}],"replies":[{"embeddable":true,"href":"https:\/\/sundar.be\/fr\/wp-json\/wp\/v2\/comments?post=45254"}],"wp:featuredmedia":[{"embeddable":true,"href":"https:\/\/sundar.be\/fr\/wp-json\/wp\/v2\/media\/45251"}],"wp:attachment":[{"href":"https:\/\/sundar.be\/fr\/wp-json\/wp\/v2\/media?parent=45254"}],"wp:term":[{"taxonomy":"product_brand","embeddable":true,"href":"https:\/\/sundar.be\/fr\/wp-json\/wp\/v2\/product_brand?post=45254"},{"taxonomy":"product_cat","embeddable":true,"href":"https:\/\/sundar.be\/fr\/wp-json\/wp\/v2\/product_cat?post=45254"},{"taxonomy":"product_tag","embeddable":true,"href":"https:\/\/sundar.be\/fr\/wp-json\/wp\/v2\/product_tag?post=45254"}],"curies":[{"name":"wp","href":"https:\/\/api.w.org\/{rel}","templated":true}]}}