{"id":45244,"date":"2024-11-28T10:45:47","date_gmt":"2024-11-28T09:45:47","guid":{"rendered":"https:\/\/sundar.be\/product\/pedibaehr-lime-a-pied-en-bois-60-100\/"},"modified":"2025-01-29T13:16:07","modified_gmt":"2025-01-29T12:16:07","slug":"pedibaehr-lime-a-pied-en-bois-60-100","status":"publish","type":"product","link":"https:\/\/sundar.be\/fr\/produit\/pedibaehr-lime-a-pied-en-bois-60-100\/","title":{"rendered":"Pedibaehr Lime \u00e0 pied en bois 60\/100"},"content":{"rendered":"<ul>\n<li>R\u00e2pe \u00e0 pieds en bois laqu\u00e9<\/li>\n<li>Surface abrasive enduite des deux c\u00f4t\u00e9s<\/li>\n<li>Con\u00e7ue sp\u00e9cialement pour les callosit\u00e9s<\/li>\n<li>Grain : 60\/100<\/li>\n<li>Longueur : 27,5 cm<\/li>\n<\/ul>\n","protected":false},"excerpt":{"rendered":"<p>R\u00e2pe \u00e0 pieds en bois laqu\u00e9 Surface abrasive enduite des deux c\u00f4t\u00e9s Con\u00e7ue sp\u00e9cialement pour les callosit\u00e9s Grain : 60\/100 Longueur : 27,5 cm<\/p>\n","protected":false},"featured_media":45758,"comment_status":"open","ping_status":"closed","template":"","meta":{"_acf_changed":false},"product_brand":[],"product_cat":[4759,4972,6057,4755],"product_tag":[],"class_list":{"0":"post-45244","1":"product","2":"type-product","3":"status-publish","4":"has-post-thumbnail","6":"product_cat-limes-de-pied","7":"product_cat-nos-marques","8":"product_cat-pedibaehr-fr","9":"product_cat-pedicure","11":"first","12":"instock","13":"taxable","14":"shipping-taxable","15":"product-type-simple"},"acf":[],"_links":{"self":[{"href":"https:\/\/sundar.be\/fr\/wp-json\/wp\/v2\/product\/45244","targetHints":{"allow":["GET"]}}],"collection":[{"href":"https:\/\/sundar.be\/fr\/wp-json\/wp\/v2\/product"}],"about":[{"href":"https:\/\/sundar.be\/fr\/wp-json\/wp\/v2\/types\/product"}],"replies":[{"embeddable":true,"href":"https:\/\/sundar.be\/fr\/wp-json\/wp\/v2\/comments?post=45244"}],"wp:featuredmedia":[{"embeddable":true,"href":"https:\/\/sundar.be\/fr\/wp-json\/wp\/v2\/media\/45758"}],"wp:attachment":[{"href":"https:\/\/sundar.be\/fr\/wp-json\/wp\/v2\/media?parent=45244"}],"wp:term":[{"taxonomy":"product_brand","embeddable":true,"href":"https:\/\/sundar.be\/fr\/wp-json\/wp\/v2\/product_brand?post=45244"},{"taxonomy":"product_cat","embeddable":true,"href":"https:\/\/sundar.be\/fr\/wp-json\/wp\/v2\/product_cat?post=45244"},{"taxonomy":"product_tag","embeddable":true,"href":"https:\/\/sundar.be\/fr\/wp-json\/wp\/v2\/product_tag?post=45244"}],"curies":[{"name":"wp","href":"https:\/\/api.w.org\/{rel}","templated":true}]}}