{"id":45240,"date":"2024-11-28T10:40:19","date_gmt":"2024-11-28T09:42:47","guid":{"rendered":"https:\/\/sundar.be\/product\/kiehl-lime-double-face-rsv\/"},"modified":"2025-01-01T00:02:11","modified_gmt":"2024-12-31T23:02:11","slug":"kiehl-lime-double-face-rsv","status":"publish","type":"product","link":"https:\/\/sundar.be\/fr\/produit\/kiehl-lime-double-face-rsv\/","title":{"rendered":"Kiehl Lime Double Face RSV"},"content":{"rendered":"<div class=\"single-product-overview-details__product-tab-text single-product-overview-details__product-tab-text--is-active\" data-tab=\"description\">\n<div class=\"single-product-overview-details__product-tab-text-description\">Lime \u00e0 pied double face de 25 cm, en acier inoxydable, st\u00e9rilisable, avec poign\u00e9e ergonomique.<\/div>\n<\/div>\n","protected":false},"excerpt":{"rendered":"<p>Lime \u00e0 pied double face de 25 cm, en acier inoxydable, st\u00e9rilisable, avec poign\u00e9e ergonomique.<\/p>\n","protected":false},"featured_media":45760,"comment_status":"open","ping_status":"closed","template":"","meta":{"_acf_changed":false},"product_brand":[],"product_cat":[4759,4755],"product_tag":[],"class_list":{"0":"post-45240","1":"product","2":"type-product","3":"status-publish","4":"has-post-thumbnail","6":"product_cat-limes-de-pied","7":"product_cat-pedicure","9":"first","10":"instock","11":"taxable","12":"shipping-taxable","13":"product-type-simple"},"acf":[],"_links":{"self":[{"href":"https:\/\/sundar.be\/fr\/wp-json\/wp\/v2\/product\/45240","targetHints":{"allow":["GET"]}}],"collection":[{"href":"https:\/\/sundar.be\/fr\/wp-json\/wp\/v2\/product"}],"about":[{"href":"https:\/\/sundar.be\/fr\/wp-json\/wp\/v2\/types\/product"}],"replies":[{"embeddable":true,"href":"https:\/\/sundar.be\/fr\/wp-json\/wp\/v2\/comments?post=45240"}],"wp:featuredmedia":[{"embeddable":true,"href":"https:\/\/sundar.be\/fr\/wp-json\/wp\/v2\/media\/45760"}],"wp:attachment":[{"href":"https:\/\/sundar.be\/fr\/wp-json\/wp\/v2\/media?parent=45240"}],"wp:term":[{"taxonomy":"product_brand","embeddable":true,"href":"https:\/\/sundar.be\/fr\/wp-json\/wp\/v2\/product_brand?post=45240"},{"taxonomy":"product_cat","embeddable":true,"href":"https:\/\/sundar.be\/fr\/wp-json\/wp\/v2\/product_cat?post=45240"},{"taxonomy":"product_tag","embeddable":true,"href":"https:\/\/sundar.be\/fr\/wp-json\/wp\/v2\/product_tag?post=45240"}],"curies":[{"name":"wp","href":"https:\/\/api.w.org\/{rel}","templated":true}]}}