{"id":45236,"date":"2024-11-28T10:23:09","date_gmt":"2024-11-28T09:23:09","guid":{"rendered":"https:\/\/sundar.be\/product\/baehr-lime-pour-les-pieds-100-180\/"},"modified":"2025-08-04T13:10:51","modified_gmt":"2025-08-04T11:10:51","slug":"baehr-lime-pour-les-pieds-100-180","status":"publish","type":"product","link":"https:\/\/sundar.be\/fr\/produit\/baehr-lime-pour-les-pieds-100-180\/","title":{"rendered":"BAEHR Lime pour les Pieds 100\/180"},"content":{"rendered":"<ul>\n<li>avec un c\u00f4t\u00e9 grossier et un c\u00f4t\u00e9 fin<\/li>\n<li>la r\u00e2pe verte est lavable et facile \u00e0 nettoyer<\/li>\n<\/ul>\n<p>Longueur: 23,5 cm<\/p>\n","protected":false},"excerpt":{"rendered":"<p>avec un c\u00f4t\u00e9 grossier et un c\u00f4t\u00e9 fin la r\u00e2pe verte est lavable et facile \u00e0 nettoyer Longueur: 23,5 cm<\/p>\n","protected":false},"featured_media":45762,"comment_status":"open","ping_status":"closed","template":"","meta":{"_acf_changed":false},"product_brand":[],"product_cat":[4759,4972,6057,4755],"product_tag":[],"class_list":{"0":"post-45236","1":"product","2":"type-product","3":"status-publish","4":"has-post-thumbnail","6":"product_cat-limes-de-pied","7":"product_cat-nos-marques","8":"product_cat-pedibaehr-fr","9":"product_cat-pedicure","11":"first","12":"instock","13":"taxable","14":"shipping-taxable","15":"product-type-simple"},"acf":[],"_links":{"self":[{"href":"https:\/\/sundar.be\/fr\/wp-json\/wp\/v2\/product\/45236","targetHints":{"allow":["GET"]}}],"collection":[{"href":"https:\/\/sundar.be\/fr\/wp-json\/wp\/v2\/product"}],"about":[{"href":"https:\/\/sundar.be\/fr\/wp-json\/wp\/v2\/types\/product"}],"replies":[{"embeddable":true,"href":"https:\/\/sundar.be\/fr\/wp-json\/wp\/v2\/comments?post=45236"}],"wp:featuredmedia":[{"embeddable":true,"href":"https:\/\/sundar.be\/fr\/wp-json\/wp\/v2\/media\/45762"}],"wp:attachment":[{"href":"https:\/\/sundar.be\/fr\/wp-json\/wp\/v2\/media?parent=45236"}],"wp:term":[{"taxonomy":"product_brand","embeddable":true,"href":"https:\/\/sundar.be\/fr\/wp-json\/wp\/v2\/product_brand?post=45236"},{"taxonomy":"product_cat","embeddable":true,"href":"https:\/\/sundar.be\/fr\/wp-json\/wp\/v2\/product_cat?post=45236"},{"taxonomy":"product_tag","embeddable":true,"href":"https:\/\/sundar.be\/fr\/wp-json\/wp\/v2\/product_tag?post=45236"}],"curies":[{"name":"wp","href":"https:\/\/api.w.org\/{rel}","templated":true}]}}