{"id":45217,"date":"2024-11-28T09:44:06","date_gmt":"2024-11-28T08:45:16","guid":{"rendered":"https:\/\/sundar.be\/product\/romeo-lime-a-pied-en-ceramique\/"},"modified":"2025-01-01T00:02:12","modified_gmt":"2024-12-31T23:02:12","slug":"romeo-lime-a-pied-en-ceramique","status":"publish","type":"product","link":"https:\/\/sundar.be\/fr\/produit\/romeo-lime-a-pied-en-ceramique\/","title":{"rendered":"Romeo Lime \u00e0 pied en c\u00e9ramique"},"content":{"rendered":"<p>La lime en c\u00e9ramique Romeo est une r\u00e2pe \u00e0 pied en c\u00e9ramique pour l&rsquo;\u00e9limination des squames et de la peau corn\u00e9e. Meilleure prise en main gr\u00e2ce au manche ergonomique avec base en caoutchouc. La r\u00e2pe est dot\u00e9e d&rsquo;un c\u00f4t\u00e9 fin et d&rsquo;un c\u00f4t\u00e9 grossier. Technologie sans blessure et donc adapt\u00e9e aux diab\u00e9tiques. Nettoyage rapide \u00e0 l&rsquo;eau courante ou avec des d\u00e9sinfectants.    <\/p>\n","protected":false},"excerpt":{"rendered":"<p>Lime \u00e0 pied en c\u00e9ramique<\/p>\n","protected":false},"featured_media":45216,"comment_status":"open","ping_status":"closed","template":"","meta":{"_acf_changed":false},"product_brand":[],"product_cat":[4759,4755],"product_tag":[],"class_list":{"0":"post-45217","1":"product","2":"type-product","3":"status-publish","4":"has-post-thumbnail","6":"product_cat-limes-de-pied","7":"product_cat-pedicure","9":"first","10":"instock","11":"taxable","12":"shipping-taxable","13":"product-type-simple"},"acf":[],"_links":{"self":[{"href":"https:\/\/sundar.be\/fr\/wp-json\/wp\/v2\/product\/45217","targetHints":{"allow":["GET"]}}],"collection":[{"href":"https:\/\/sundar.be\/fr\/wp-json\/wp\/v2\/product"}],"about":[{"href":"https:\/\/sundar.be\/fr\/wp-json\/wp\/v2\/types\/product"}],"replies":[{"embeddable":true,"href":"https:\/\/sundar.be\/fr\/wp-json\/wp\/v2\/comments?post=45217"}],"wp:featuredmedia":[{"embeddable":true,"href":"https:\/\/sundar.be\/fr\/wp-json\/wp\/v2\/media\/45216"}],"wp:attachment":[{"href":"https:\/\/sundar.be\/fr\/wp-json\/wp\/v2\/media?parent=45217"}],"wp:term":[{"taxonomy":"product_brand","embeddable":true,"href":"https:\/\/sundar.be\/fr\/wp-json\/wp\/v2\/product_brand?post=45217"},{"taxonomy":"product_cat","embeddable":true,"href":"https:\/\/sundar.be\/fr\/wp-json\/wp\/v2\/product_cat?post=45217"},{"taxonomy":"product_tag","embeddable":true,"href":"https:\/\/sundar.be\/fr\/wp-json\/wp\/v2\/product_tag?post=45217"}],"curies":[{"name":"wp","href":"https:\/\/api.w.org\/{rel}","templated":true}]}}