{"id":45210,"date":"2024-11-12T10:42:13","date_gmt":"2024-11-12T09:42:13","guid":{"rendered":"https:\/\/sundar.be\/product\/euroclinic-fauteuil-de-traitement-lynea\/"},"modified":"2025-08-04T13:22:34","modified_gmt":"2025-08-04T11:22:34","slug":"euroclinic-fauteuil-de-traitement-lynea","status":"publish","type":"product","link":"https:\/\/sundar.be\/fr\/produit\/euroclinic-fauteuil-de-traitement-lynea\/","title":{"rendered":"Euroclinic Fauteuil de Traitement LYNEA"},"content":{"rendered":"<p>Le fauteuil de traitement Euroclinic LYNEA est un fauteuil professionnel au design innovant et aux performances techniques \u00e9lev\u00e9es. Tous les coussins sont facilement amovibles (sans vis) pour un nettoyage rapide et efficace. Le fauteuil est \u00e9quip\u00e9 de 3 moteurs silencieux qui permettent un r\u00e9glage ind\u00e9pendant de la hauteur, de l\u2019inclinaison et du dossier.  <\/p>\n<p>Le LYNEA peut \u00eatre command\u00e9 en mode sans fil et chaque mouvement (actif ou visuel) peut \u00eatre contr\u00f4l\u00e9 \u00e0 la fois depuis l\u2019\u00e9cran tactile de l\u2019unit\u00e9 et via une commande au pied.<\/p>\n<h4><strong>Conception:<\/strong><\/h4>\n<ul>\n<li>+25\u00b0 Inclinaison du si\u00e8ge.<\/li>\n<li>Commande au pied pour un contr\u00f4le ind\u00e9pendant du fauteuil (commande au pied sans fil en option).<\/li>\n<li>4 m\u00e9moires : 3 positions de m\u00e9moire \u00e0 d\u00e9finir par l&rsquo;utilisateur et \u00ab Z\u00e9ro \u00bb comme position d&rsquo;entr\u00e9e-sortie.<\/li>\n<li>Les coussins de la chaise sont constitu\u00e9s d&rsquo;une mousse ind\u00e9formable de haute densit\u00e9 recouverte d&rsquo;un ska\u00ef bi-\u00e9lastique et antimicrobien, disponible dans de nombreux coloris.<\/li>\n<li>Rotation de 88\u00b0 \u00e0 gauche et \u00e0 droite avec verrouillage manuel.<\/li>\n<li>Repose-jambes r\u00e9glables manuellement et faciles \u00e0 utiliser.<\/li>\n<li>Mouvement lat\u00e9ral des supports de jambes.<\/li>\n<li>Repose-pieds extensibles et anatomiques.<\/li>\n<li>Accoudoirs rembourr\u00e9s et inclinables pour faciliter l&rsquo;entr\u00e9e lat\u00e9rale des clients.<\/li>\n<\/ul>\n<h4><strong>Donn\u00e9es techniques :<\/strong><\/h4>\n<ul>\n<li>Tension : 230 V \/ 50 Hz<\/li>\n<li>Consommation \u00e9lectrique : 120 VA<\/li>\n<li>Charge maximale : 220 kg<\/li>\n<li>Hauteur maximale \u00e0 plat : 104 cm<\/li>\n<li>Hauteur de travail maximale de l&rsquo;appui-jambes : 142 cm<\/li>\n<li>Hauteur d&rsquo;entr\u00e9e : 52 cm<\/li>\n<\/ul>\n","protected":false},"excerpt":{"rendered":"<p>Le fauteuil de traitement Euroclinic LYNEA, un fauteuil de traitement professionnel au design innovant et aux performances techniques \u00e9lev\u00e9es. Disponible en 43 couleurs sans suppl\u00e9ment de prix, renseignez-vous sur les possibilit\u00e9s. <\/p>\n","protected":false},"featured_media":44826,"comment_status":"open","ping_status":"closed","template":"","meta":{"_acf_changed":false},"product_brand":[],"product_cat":[4945,4791,4784],"product_tag":[],"class_list":{"0":"post-45210","1":"product","2":"type-product","3":"status-publish","4":"has-post-thumbnail","6":"product_cat-amenagement-institut-webshop-fr","7":"product_cat-fauteuils-soins-esthetiques","8":"product_cat-amenagement-mobilier","9":"pa_vorm-fauteuil-de-traitement-lynea-3-moteurs","10":"pa_vorm-fauteuil-de-traitement-lynea-5-moteurs","12":"first","13":"instock","14":"taxable","15":"shipping-taxable","16":"product-type-variable"},"acf":[],"_links":{"self":[{"href":"https:\/\/sundar.be\/fr\/wp-json\/wp\/v2\/product\/45210","targetHints":{"allow":["GET"]}}],"collection":[{"href":"https:\/\/sundar.be\/fr\/wp-json\/wp\/v2\/product"}],"about":[{"href":"https:\/\/sundar.be\/fr\/wp-json\/wp\/v2\/types\/product"}],"replies":[{"embeddable":true,"href":"https:\/\/sundar.be\/fr\/wp-json\/wp\/v2\/comments?post=45210"}],"wp:featuredmedia":[{"embeddable":true,"href":"https:\/\/sundar.be\/fr\/wp-json\/wp\/v2\/media\/44826"}],"wp:attachment":[{"href":"https:\/\/sundar.be\/fr\/wp-json\/wp\/v2\/media?parent=45210"}],"wp:term":[{"taxonomy":"product_brand","embeddable":true,"href":"https:\/\/sundar.be\/fr\/wp-json\/wp\/v2\/product_brand?post=45210"},{"taxonomy":"product_cat","embeddable":true,"href":"https:\/\/sundar.be\/fr\/wp-json\/wp\/v2\/product_cat?post=45210"},{"taxonomy":"product_tag","embeddable":true,"href":"https:\/\/sundar.be\/fr\/wp-json\/wp\/v2\/product_tag?post=45210"}],"curies":[{"name":"wp","href":"https:\/\/api.w.org\/{rel}","templated":true}]}}