{"id":45206,"date":"2024-11-12T10:50:56","date_gmt":"2024-11-12T09:50:56","guid":{"rendered":"https:\/\/sundar.be\/product\/euroclinic-fauteuil-de-traitement-mya\/"},"modified":"2025-08-04T13:19:12","modified_gmt":"2025-08-04T11:19:12","slug":"euroclinic-fauteuil-de-traitement-mya","status":"publish","type":"product","link":"https:\/\/sundar.be\/fr\/produit\/euroclinic-fauteuil-de-traitement-mya\/","title":{"rendered":"Euroclinic Fauteuil de Traitement MYA"},"content":{"rendered":"<h2>Euroclinic Fauteuil de Traitement MYA<\/h2>\n<p>Le fauteuil de traitement Euroclinic MYA est un fauteuil professionnel pour p\u00e9dicure, au design luxueux et volumineux. Il offre au client un confort d\u2019assise optimal et une d\u00e9tente maximale. Son design combine une technologie avanc\u00e9e. Les coussins, \u00e0 haute densit\u00e9 (r\u00e9silience de la mousse), sont recouverts d\u2019un simili cuir de haute qualit\u00e9. Le dossier est \u00e9quip\u00e9 d\u2019un coussin doux au niveau de la t\u00eate.    <\/p>\n<p>Le MYA est disponible avec trois ou cinq moteurs, permettant le r\u00e9glage de la hauteur, la fonction d\u2019inclinaison et le r\u00e9glage du dossier. Le fauteuil pivote \u00e0 180\u00b0, ce qui vous permet de positionner le client sans avoir \u00e0 modifier votre propre posture de travail. Le fauteuil se distingue \u00e9galement par une structure m\u00e9tallique solide et robuste.  <\/p>\n<p>Les accoudoirs du MYA sont rembourr\u00e9s \u00e0 la fois sur le dessus et le dessous. Les repose-jambes peuvent \u00eatre d\u00e9plac\u00e9s ind\u00e9pendamment en hauteur et lat\u00e9ralement. Un syst\u00e8me innovant permet d\u2019allonger facilement les repose-jambes sans avoir \u00e0 tourner un bouton.  <\/p>\n<p>La p\u00e9dale de commande est \u00e9quip\u00e9e de trois boutons m\u00e9moires programmables selon vos pr\u00e9f\u00e9rences, ainsi qu\u2019un bouton \u00ab 0 \u00bb pour ramener le fauteuil en position de sortie. <\/p>\n<h4>Donn\u00e9es techniques :<\/h4>\n<ul>\n<li>Tension : 230 V \/ 50 Hz<\/li>\n<li>Consommation \u00e9lectrique : 70 VA<\/li>\n<li>Charge maximale : 200 kg<\/li>\n<li>Hauteur du si\u00e8ge : 94 cm<\/li>\n<li>Hauteur de travail maximale de l&rsquo;appui-jambes : 150 cm<\/li>\n<li>Hauteur d&rsquo;entr\u00e9e : 58 cm<\/li>\n<\/ul>\n","protected":false},"excerpt":{"rendered":"<p>Le fauteuil de soins Euroclinic MYA est un fauteuil de soins p\u00e9dicure professionnel \u00e0 la forme et \u00e0 l&rsquo;aspect luxueux et volumineux. Disponible en 43 couleurs, renseignez-vous sur les possibilit\u00e9s. <\/p>\n","protected":false},"featured_media":44839,"comment_status":"open","ping_status":"closed","template":"","meta":{"_acf_changed":false},"product_brand":[],"product_cat":[4945,4791,4784],"product_tag":[],"class_list":{"0":"post-45206","1":"product","2":"type-product","3":"status-publish","4":"has-post-thumbnail","6":"product_cat-amenagement-institut-webshop-fr","7":"product_cat-fauteuils-soins-esthetiques","8":"product_cat-amenagement-mobilier","9":"pa_vorm-fauteuil-de-traitement-mya-avec-3-moteurs","10":"pa_vorm-fauteuil-de-traitement-mya-avec-5-moteurs","12":"first","13":"instock","14":"taxable","15":"shipping-taxable","16":"product-type-variable"},"acf":[],"_links":{"self":[{"href":"https:\/\/sundar.be\/fr\/wp-json\/wp\/v2\/product\/45206","targetHints":{"allow":["GET"]}}],"collection":[{"href":"https:\/\/sundar.be\/fr\/wp-json\/wp\/v2\/product"}],"about":[{"href":"https:\/\/sundar.be\/fr\/wp-json\/wp\/v2\/types\/product"}],"replies":[{"embeddable":true,"href":"https:\/\/sundar.be\/fr\/wp-json\/wp\/v2\/comments?post=45206"}],"wp:featuredmedia":[{"embeddable":true,"href":"https:\/\/sundar.be\/fr\/wp-json\/wp\/v2\/media\/44839"}],"wp:attachment":[{"href":"https:\/\/sundar.be\/fr\/wp-json\/wp\/v2\/media?parent=45206"}],"wp:term":[{"taxonomy":"product_brand","embeddable":true,"href":"https:\/\/sundar.be\/fr\/wp-json\/wp\/v2\/product_brand?post=45206"},{"taxonomy":"product_cat","embeddable":true,"href":"https:\/\/sundar.be\/fr\/wp-json\/wp\/v2\/product_cat?post=45206"},{"taxonomy":"product_tag","embeddable":true,"href":"https:\/\/sundar.be\/fr\/wp-json\/wp\/v2\/product_tag?post=45206"}],"curies":[{"name":"wp","href":"https:\/\/api.w.org\/{rel}","templated":true}]}}