{"id":45203,"date":"2024-11-12T10:58:22","date_gmt":"2024-11-12T09:58:22","guid":{"rendered":"https:\/\/sundar.be\/product\/euroclinic-fauteuil-de-traitement-podopeg\/"},"modified":"2025-08-04T13:18:19","modified_gmt":"2025-08-04T11:18:19","slug":"euroclinic-fauteuil-de-traitement-podopeg","status":"publish","type":"product","link":"https:\/\/sundar.be\/fr\/produit\/euroclinic-fauteuil-de-traitement-podopeg\/","title":{"rendered":"Euroclinic Fauteuil de traitement PODOPEG"},"content":{"rendered":"<h2>Euroclinic Fauteuil de traitement PODOPEG<\/h2>\n<p>Le fauteuil de traitement Euroclinic PODOPEG est le premier fauteuil de p\u00e9dicure de la gamme Euroclinic. Con\u00e7u en collaboration avec cinq consultants professionnels, il est \u00e9quip\u00e9 d\u2019un moteur \u00e9lectrique silencieux basse tension pour les r\u00e9glages de hauteur. La fonction d\u2019inclinaison est synchronis\u00e9e avec le r\u00e9glage haut\/bas. Le dossier est r\u00e9glable \u00e0 180\u00b0 gr\u00e2ce \u00e0 un v\u00e9rin \u00e0 gaz. Les repose-jambes sont r\u00e9glables individuellement en hauteur, manuellement et de fa\u00e7on continue. Les repose-pieds sont extensibles et chaque repose-jambe peut \u00e9galement effectuer un mouvement lat\u00e9ral ind\u00e9pendant.        <\/p>\n<p>Le PODOPEG est disponible en deux variantes, qui diff\u00e8rent par leurs mouvements m\u00e9caniques mais partagent le m\u00eame design : PODOPEG : fauteuil \u00e9quip\u00e9 d\u2019un moteur unique pour le r\u00e9glage \u00e9lectrique de la hauteur. PODOPEG \/ E : fauteuil avec repose-jambes \u00e9lectriques et un moteur unique pour le r\u00e9glage \u00e9lectrique de la hauteur. Le dossier se r\u00e8gle manuellement \u00e0 l\u2019aide d\u2019un v\u00e9rin \u00e0 gaz.  <\/p>\n<h4><strong>Disponible en option : <\/strong><\/h4>\n<ul>\n<li>Commande au pied avec 2 r\u00e9glages de m\u00e9moire.<\/li>\n<li>Appui-t\u00eate pour PODOPEG<\/li>\n<li>Repose-jambes \u00e0 r\u00e9glage \u00e9lectrique<\/li>\n<\/ul>\n<h4>Donn\u00e9es techniques :<\/h4>\n<ul>\n<li>Tension : 230 V \/ 50 Hz<\/li>\n<li>Consommation \u00e9lectrique : 70 VA<\/li>\n<li>Charge maximale : 180 kg<\/li>\n<li>Hauteur maximale \u00e0 plat : 90 cm<\/li>\n<li>Hauteur de travail maximale de l&rsquo;appui-jambes : 115 cm<\/li>\n<li>Hauteur d&rsquo;entr\u00e9e : 58 cm<\/li>\n<\/ul>\n","protected":false},"excerpt":{"rendered":"<p>Le fauteuil de traitement Euroclinic PODOPEG est le premier fauteuil de traitement p\u00e9dicure de la gamme Euroclinic. Disponible en 43 couleurs sans suppl\u00e9ment de prix, renseignez-vous sur les options. <\/p>\n","protected":false},"featured_media":44864,"comment_status":"open","ping_status":"closed","template":"","meta":{"_acf_changed":false},"product_brand":[],"product_cat":[4945,4791,4784],"product_tag":[],"class_list":{"0":"post-45203","1":"product","2":"type-product","3":"status-publish","4":"has-post-thumbnail","6":"product_cat-amenagement-institut-webshop-fr","7":"product_cat-fauteuils-soins-esthetiques","8":"product_cat-amenagement-mobilier","9":"pa_vorm-podopeg-e-fauteuil-de-traitement-3-moteurs-blanc","10":"pa_vorm-podopeg-fauteuil-de-traitement-1-moteur","12":"first","13":"instock","14":"taxable","15":"shipping-taxable","16":"product-type-variable"},"acf":[],"_links":{"self":[{"href":"https:\/\/sundar.be\/fr\/wp-json\/wp\/v2\/product\/45203","targetHints":{"allow":["GET"]}}],"collection":[{"href":"https:\/\/sundar.be\/fr\/wp-json\/wp\/v2\/product"}],"about":[{"href":"https:\/\/sundar.be\/fr\/wp-json\/wp\/v2\/types\/product"}],"replies":[{"embeddable":true,"href":"https:\/\/sundar.be\/fr\/wp-json\/wp\/v2\/comments?post=45203"}],"wp:featuredmedia":[{"embeddable":true,"href":"https:\/\/sundar.be\/fr\/wp-json\/wp\/v2\/media\/44864"}],"wp:attachment":[{"href":"https:\/\/sundar.be\/fr\/wp-json\/wp\/v2\/media?parent=45203"}],"wp:term":[{"taxonomy":"product_brand","embeddable":true,"href":"https:\/\/sundar.be\/fr\/wp-json\/wp\/v2\/product_brand?post=45203"},{"taxonomy":"product_cat","embeddable":true,"href":"https:\/\/sundar.be\/fr\/wp-json\/wp\/v2\/product_cat?post=45203"},{"taxonomy":"product_tag","embeddable":true,"href":"https:\/\/sundar.be\/fr\/wp-json\/wp\/v2\/product_tag?post=45203"}],"curies":[{"name":"wp","href":"https:\/\/api.w.org\/{rel}","templated":true}]}}