{"id":45202,"date":"2024-11-12T13:25:55","date_gmt":"2024-11-12T12:25:55","guid":{"rendered":"https:\/\/sundar.be\/product\/dr-do-little-support-de-jambe-avec-sac\/"},"modified":"2025-08-04T13:10:54","modified_gmt":"2025-08-04T11:10:54","slug":"dr-do-little-support-de-jambe-avec-sac","status":"publish","type":"product","link":"https:\/\/sundar.be\/fr\/produit\/dr-do-little-support-de-jambe-avec-sac\/","title":{"rendered":"DR. DO LITTLE Support de jambe avec sac"},"content":{"rendered":"<div class=\"single-product-overview-details__product-tab-text single-product-overview-details__product-tab-text--is-active\" data-tab=\"description\">\n<div class=\"single-product-overview-details__product-tab-text-description\">Support de jambe pratique qui peut descendre tr\u00e8s bas, id\u00e9al pour une utilisation ambulatoire. Avec une base l\u00e9g\u00e8re en aluminium.  Incl. sac de rangement de luxe gratuit avec poign\u00e9es et bandouli\u00e8re. (pas de garantie sur le sac) <\/div>\n<\/div>\n","protected":false},"excerpt":{"rendered":"<p>Support de jambe pratique qui peut descendre tr\u00e8s bas, id\u00e9al pour une utilisation ambulatoire. Avec une base l\u00e9g\u00e8re en aluminium. Incl. sac de rangement de luxe gratuit avec poign\u00e9es et bandouli\u00e8re. (pas de garantie sur le sac)<\/p>\n","protected":false},"featured_media":44888,"comment_status":"open","ping_status":"closed","template":"","meta":{"_acf_changed":false},"product_brand":[],"product_cat":[4945,4790,4784],"product_tag":[],"class_list":{"0":"post-45202","1":"product","2":"type-product","3":"status-publish","4":"has-post-thumbnail","6":"product_cat-amenagement-institut-webshop-fr","7":"product_cat-mobilier-chaises-travail","8":"product_cat-amenagement-mobilier","10":"first","11":"instock","12":"taxable","13":"shipping-taxable","14":"product-type-simple"},"acf":[],"_links":{"self":[{"href":"https:\/\/sundar.be\/fr\/wp-json\/wp\/v2\/product\/45202","targetHints":{"allow":["GET"]}}],"collection":[{"href":"https:\/\/sundar.be\/fr\/wp-json\/wp\/v2\/product"}],"about":[{"href":"https:\/\/sundar.be\/fr\/wp-json\/wp\/v2\/types\/product"}],"replies":[{"embeddable":true,"href":"https:\/\/sundar.be\/fr\/wp-json\/wp\/v2\/comments?post=45202"}],"wp:featuredmedia":[{"embeddable":true,"href":"https:\/\/sundar.be\/fr\/wp-json\/wp\/v2\/media\/44888"}],"wp:attachment":[{"href":"https:\/\/sundar.be\/fr\/wp-json\/wp\/v2\/media?parent=45202"}],"wp:term":[{"taxonomy":"product_brand","embeddable":true,"href":"https:\/\/sundar.be\/fr\/wp-json\/wp\/v2\/product_brand?post=45202"},{"taxonomy":"product_cat","embeddable":true,"href":"https:\/\/sundar.be\/fr\/wp-json\/wp\/v2\/product_cat?post=45202"},{"taxonomy":"product_tag","embeddable":true,"href":"https:\/\/sundar.be\/fr\/wp-json\/wp\/v2\/product_tag?post=45202"}],"curies":[{"name":"wp","href":"https:\/\/api.w.org\/{rel}","templated":true}]}}