{"id":45200,"date":"2024-11-12T13:28:03","date_gmt":"2024-11-12T12:28:03","guid":{"rendered":"https:\/\/sundar.be\/product\/siege-de-travail-alpha-wit\/"},"modified":"2025-08-04T13:11:03","modified_gmt":"2025-08-04T11:11:03","slug":"siege-de-travail-alpha-wit","status":"publish","type":"product","link":"https:\/\/sundar.be\/fr\/produit\/siege-de-travail-alpha-wit\/","title":{"rendered":"Si\u00e8ge de Travail Alpha wit"},"content":{"rendered":"<p>Si\u00e8ge de travail tr\u00e8s complet, avec de nombreuses possibilit\u00e9s de r\u00e9glage. Assise et dossier ergonomiques pour un soutien et un confort accrus. <\/p>\n<p><strong>Conception: <\/strong><\/p>\n<ul>\n<li>Si\u00e8ge et dossier ergonomiques<\/li>\n<li>Fonction d&rsquo;inclinaison du si\u00e8ge r\u00e9glable en continu<\/li>\n<li>Dossier r\u00e9glable en hauteur<\/li>\n<li>R\u00e9glage progressif de la hauteur<\/li>\n<li>Base chrom\u00e9e avec roulettes \u00e0 fonctionnement doux<\/li>\n<li>Hauteur d&rsquo;assise 41-53 cm<\/li>\n<\/ul>\n","protected":false},"excerpt":{"rendered":"<p>Si\u00e8ge de travail tr\u00e8s complet, avec de nombreuses possibilit\u00e9s de r\u00e9glage. Assise et dossier ergonomiques pour un soutien et un confort accrus. Conception: Si\u00e8ge et dossier ergonomiques Fonction d&rsquo;inclinaison du si\u00e8ge r\u00e9glable en continu Dossier r\u00e9glable en hauteur R\u00e9glage progressif de la hauteur Base chrom\u00e9e avec roulettes \u00e0 fonctionnement doux Hauteur d&rsquo;assise 41-53 cm<\/p>\n","protected":false},"featured_media":45806,"comment_status":"open","ping_status":"closed","template":"","meta":{"_acf_changed":false},"product_brand":[],"product_cat":[4945,4790,4784],"product_tag":[],"class_list":{"0":"post-45200","1":"product","2":"type-product","3":"status-publish","4":"has-post-thumbnail","6":"product_cat-amenagement-institut-webshop-fr","7":"product_cat-mobilier-chaises-travail","8":"product_cat-amenagement-mobilier","10":"first","11":"instock","12":"taxable","13":"shipping-taxable","14":"product-type-simple"},"acf":[],"_links":{"self":[{"href":"https:\/\/sundar.be\/fr\/wp-json\/wp\/v2\/product\/45200","targetHints":{"allow":["GET"]}}],"collection":[{"href":"https:\/\/sundar.be\/fr\/wp-json\/wp\/v2\/product"}],"about":[{"href":"https:\/\/sundar.be\/fr\/wp-json\/wp\/v2\/types\/product"}],"replies":[{"embeddable":true,"href":"https:\/\/sundar.be\/fr\/wp-json\/wp\/v2\/comments?post=45200"}],"wp:featuredmedia":[{"embeddable":true,"href":"https:\/\/sundar.be\/fr\/wp-json\/wp\/v2\/media\/45806"}],"wp:attachment":[{"href":"https:\/\/sundar.be\/fr\/wp-json\/wp\/v2\/media?parent=45200"}],"wp:term":[{"taxonomy":"product_brand","embeddable":true,"href":"https:\/\/sundar.be\/fr\/wp-json\/wp\/v2\/product_brand?post=45200"},{"taxonomy":"product_cat","embeddable":true,"href":"https:\/\/sundar.be\/fr\/wp-json\/wp\/v2\/product_cat?post=45200"},{"taxonomy":"product_tag","embeddable":true,"href":"https:\/\/sundar.be\/fr\/wp-json\/wp\/v2\/product_tag?post=45200"}],"curies":[{"name":"wp","href":"https:\/\/api.w.org\/{rel}","templated":true}]}}