{"id":45199,"date":"2024-11-12T13:33:30","date_gmt":"2024-11-12T12:33:30","guid":{"rendered":"https:\/\/sundar.be\/product\/euroclinic-siege-de-travail-spd\/"},"modified":"2025-08-04T13:11:00","modified_gmt":"2025-08-04T11:11:00","slug":"euroclinic-siege-de-travail-spd","status":"publish","type":"product","link":"https:\/\/sundar.be\/fr\/produit\/euroclinic-siege-de-travail-spd\/","title":{"rendered":"Euroclinic Werkstoel SPD"},"content":{"rendered":"<p>Le SPD est un si\u00e8ge de travail \u00e0 usage professionnel, dot\u00e9 de roues autofrein\u00e9es pivotant sur 360\u00b0 et de pneus en caoutchouc. La hauteur peut \u00eatre facilement r\u00e9gl\u00e9e \u00e0 l&rsquo;aide d&rsquo;un v\u00e9rin \u00e0 gaz. Le dossier peut \u00eatre tourn\u00e9 \u00e0 180\u00b0 et r\u00e9gl\u00e9 vers l&rsquo;avant et vers l&rsquo;arri\u00e8re. L&rsquo;assise est form\u00e9e de mani\u00e8re uniforme avec une mousse de haute qualit\u00e9 et une finition en Peltex.   <\/p>\n<h4>Donn\u00e9es techniques :<\/h4>\n<ul>\n<li>Hauteur minimale : 53 cm<\/li>\n<li>Hauteur maximale: 63cm<\/li>\n<li>Poids: 13.7 kg<\/li>\n<\/ul>\n","protected":false},"excerpt":{"rendered":"<p>Le SPD est un si\u00e8ge de travail \u00e0 usage professionnel. Il est \u00e9quip\u00e9 de roues autofrein\u00e9es pivotant sur 360\u00b0 et de pneus en caoutchouc. Disponible en 43 couleurs (sans suppl\u00e9ment). Renseignez-vous sur les possibilit\u00e9s.  <\/p>\n","protected":false},"featured_media":44900,"comment_status":"open","ping_status":"closed","template":"","meta":{"_acf_changed":false},"product_brand":[],"product_cat":[4945,4790,4784],"product_tag":[],"class_list":{"0":"post-45199","1":"product","2":"type-product","3":"status-publish","4":"has-post-thumbnail","6":"product_cat-amenagement-institut-webshop-fr","7":"product_cat-mobilier-chaises-travail","8":"product_cat-amenagement-mobilier","10":"first","11":"instock","12":"taxable","13":"shipping-taxable","14":"product-type-simple"},"acf":[],"_links":{"self":[{"href":"https:\/\/sundar.be\/fr\/wp-json\/wp\/v2\/product\/45199","targetHints":{"allow":["GET"]}}],"collection":[{"href":"https:\/\/sundar.be\/fr\/wp-json\/wp\/v2\/product"}],"about":[{"href":"https:\/\/sundar.be\/fr\/wp-json\/wp\/v2\/types\/product"}],"replies":[{"embeddable":true,"href":"https:\/\/sundar.be\/fr\/wp-json\/wp\/v2\/comments?post=45199"}],"wp:featuredmedia":[{"embeddable":true,"href":"https:\/\/sundar.be\/fr\/wp-json\/wp\/v2\/media\/44900"}],"wp:attachment":[{"href":"https:\/\/sundar.be\/fr\/wp-json\/wp\/v2\/media?parent=45199"}],"wp:term":[{"taxonomy":"product_brand","embeddable":true,"href":"https:\/\/sundar.be\/fr\/wp-json\/wp\/v2\/product_brand?post=45199"},{"taxonomy":"product_cat","embeddable":true,"href":"https:\/\/sundar.be\/fr\/wp-json\/wp\/v2\/product_cat?post=45199"},{"taxonomy":"product_tag","embeddable":true,"href":"https:\/\/sundar.be\/fr\/wp-json\/wp\/v2\/product_tag?post=45199"}],"curies":[{"name":"wp","href":"https:\/\/api.w.org\/{rel}","templated":true}]}}