{"id":45198,"date":"2024-11-25T12:50:28","date_gmt":"2024-11-25T11:50:28","guid":{"rendered":"https:\/\/sundar.be\/product\/depend-iq-pre-cleanser-35ml-step-1\/"},"modified":"2025-08-04T13:12:40","modified_gmt":"2025-08-04T11:12:40","slug":"depend-iq-pre-cleanser-35ml-step-1","status":"publish","type":"product","link":"https:\/\/sundar.be\/fr\/produit\/depend-iq-pre-cleanser-35ml-step-1\/","title":{"rendered":"Depend iQ pre-Cleanser, 35ml (Step 1)"},"content":{"rendered":"<p>Nettoyage avant l&rsquo;application de Depend Gel iQ. Gel iQ ne n\u00e9cessite qu&rsquo;un l\u00e9ger nettoyage \u00e0 l&rsquo;aide d&rsquo;un nettoyant avant l&rsquo;application des produits en gel. Gel iQ est un vernis en gel dot\u00e9 d&rsquo;une nouvelle technologie de vernis UV\/LED, qui vous permet d&rsquo;obtenir des ongles parfaitement brillants en 5 \u00e9tapes faciles.  <\/p>\n","protected":false},"excerpt":{"rendered":"<p>Pr\u00e9-nettoyant pour pr\u00e9parer les ongles naturels \u00e0 l&rsquo;application du syst\u00e8me Gel iQ.<\/p>\n","protected":false},"featured_media":45129,"comment_status":"open","ping_status":"closed","template":"","meta":{"_acf_changed":false},"product_brand":[],"product_cat":[5089,5643,4761],"product_tag":[],"class_list":{"0":"post-45198","1":"product","2":"type-product","3":"status-publish","4":"has-post-thumbnail","6":"product_cat-depend-fr","7":"product_cat-depend-gel-iq-fr","8":"product_cat-pose-ongles","10":"first","11":"instock","12":"taxable","13":"shipping-taxable","14":"product-type-simple"},"acf":[],"_links":{"self":[{"href":"https:\/\/sundar.be\/fr\/wp-json\/wp\/v2\/product\/45198","targetHints":{"allow":["GET"]}}],"collection":[{"href":"https:\/\/sundar.be\/fr\/wp-json\/wp\/v2\/product"}],"about":[{"href":"https:\/\/sundar.be\/fr\/wp-json\/wp\/v2\/types\/product"}],"replies":[{"embeddable":true,"href":"https:\/\/sundar.be\/fr\/wp-json\/wp\/v2\/comments?post=45198"}],"wp:featuredmedia":[{"embeddable":true,"href":"https:\/\/sundar.be\/fr\/wp-json\/wp\/v2\/media\/45129"}],"wp:attachment":[{"href":"https:\/\/sundar.be\/fr\/wp-json\/wp\/v2\/media?parent=45198"}],"wp:term":[{"taxonomy":"product_brand","embeddable":true,"href":"https:\/\/sundar.be\/fr\/wp-json\/wp\/v2\/product_brand?post=45198"},{"taxonomy":"product_cat","embeddable":true,"href":"https:\/\/sundar.be\/fr\/wp-json\/wp\/v2\/product_cat?post=45198"},{"taxonomy":"product_tag","embeddable":true,"href":"https:\/\/sundar.be\/fr\/wp-json\/wp\/v2\/product_tag?post=45198"}],"curies":[{"name":"wp","href":"https:\/\/api.w.org\/{rel}","templated":true}]}}