{"id":45194,"date":"2024-11-25T13:07:13","date_gmt":"2024-11-25T12:07:13","guid":{"rendered":"https:\/\/sundar.be\/product\/depend-myrrh-avocado-nail-oil-8-ml\/"},"modified":"2025-08-04T13:08:05","modified_gmt":"2025-08-04T11:08:05","slug":"depend-myrrh-avocado-nail-oil-8-ml","status":"publish","type":"product","link":"https:\/\/sundar.be\/fr\/produit\/depend-myrrh-avocado-nail-oil-8-ml\/","title":{"rendered":"Depend Myrrh &amp; Avocado Nail Oil, 8 ml"},"content":{"rendered":"<p>Soin quotidien pour tous les ongles : secs, \u00e9caill\u00e9s, mous et cassants. Enrichi en myrrhe, avocat, huile d&rsquo;olive et vitamine E, entre autres. Renforce, \u00e9quilibre l&rsquo;hydratation et am\u00e9liore la qualit\u00e9 de l&rsquo;ongle. <\/p>\n","protected":false},"excerpt":{"rendered":"<p>Huile pour cuticules pour ongles cassants<\/p>\n","protected":false},"featured_media":45144,"comment_status":"open","ping_status":"closed","template":"","meta":{"_acf_changed":false},"product_brand":[],"product_cat":[5089,5641,4761],"product_tag":[],"class_list":{"0":"post-45194","1":"product","2":"type-product","3":"status-publish","4":"has-post-thumbnail","6":"product_cat-depend-fr","7":"product_cat-depend-nail-care-fr","8":"product_cat-pose-ongles","10":"first","11":"instock","12":"taxable","13":"shipping-taxable","14":"product-type-simple"},"acf":[],"_links":{"self":[{"href":"https:\/\/sundar.be\/fr\/wp-json\/wp\/v2\/product\/45194","targetHints":{"allow":["GET"]}}],"collection":[{"href":"https:\/\/sundar.be\/fr\/wp-json\/wp\/v2\/product"}],"about":[{"href":"https:\/\/sundar.be\/fr\/wp-json\/wp\/v2\/types\/product"}],"replies":[{"embeddable":true,"href":"https:\/\/sundar.be\/fr\/wp-json\/wp\/v2\/comments?post=45194"}],"wp:featuredmedia":[{"embeddable":true,"href":"https:\/\/sundar.be\/fr\/wp-json\/wp\/v2\/media\/45144"}],"wp:attachment":[{"href":"https:\/\/sundar.be\/fr\/wp-json\/wp\/v2\/media?parent=45194"}],"wp:term":[{"taxonomy":"product_brand","embeddable":true,"href":"https:\/\/sundar.be\/fr\/wp-json\/wp\/v2\/product_brand?post=45194"},{"taxonomy":"product_cat","embeddable":true,"href":"https:\/\/sundar.be\/fr\/wp-json\/wp\/v2\/product_cat?post=45194"},{"taxonomy":"product_tag","embeddable":true,"href":"https:\/\/sundar.be\/fr\/wp-json\/wp\/v2\/product_tag?post=45194"}],"curies":[{"name":"wp","href":"https:\/\/api.w.org\/{rel}","templated":true}]}}